{"id":7628,"date":"2023-11-11T07:34:06","date_gmt":"2023-11-11T06:34:06","guid":{"rendered":"https:\/\/schramek-schramek.com\/?page_id=7628"},"modified":"2023-12-08T10:59:05","modified_gmt":"2023-12-08T09:59:05","slug":"zasady-ochrany-osobnich-udaju","status":"publish","type":"page","link":"https:\/\/schramek-schramek.com\/cs\/zasady-ochrany-osobnich-udaju\/","title":{"rendered":"Z\u00e1sady ochrany osobn\u00edch \u00fadaj\u016f"},"content":{"rendered":"\t\t<div data-elementor-type=\"wp-page\" data-elementor-id=\"7628\" class=\"elementor elementor-7628 elementor-3\" data-elementor-post-type=\"page\">\n\t\t\t\t\t\t\t<div class=\"elementor-element elementor-element-d5d471c e-flex e-con-boxed e-con e-parent\" data-id=\"d5d471c\" data-element_type=\"container\" data-settings=\"{&quot;background_background&quot;:&quot;classic&quot;,&quot;content_width&quot;:&quot;boxed&quot;}\" data-core-v316-plus=\"true\">\n\t\t\t\t\t<div class=\"e-con-inner\">\n\t\t\t\t<div class=\"elementor-element elementor-element-1e21d47 elementor-widget elementor-widget-heading\" data-id=\"1e21d47\" data-element_type=\"widget\" data-widget_type=\"heading.default\">\n\t\t\t\t<div class=\"elementor-widget-container\">\n\t\t\t<style>\/*! elementor - v3.17.0 - 08-11-2023 *\/\n.elementor-heading-title{padding:0;margin:0;line-height:1}.elementor-widget-heading .elementor-heading-title[class*=elementor-size-]>a{color:inherit;font-size:inherit;line-height:inherit}.elementor-widget-heading .elementor-heading-title.elementor-size-small{font-size:15px}.elementor-widget-heading .elementor-heading-title.elementor-size-medium{font-size:19px}.elementor-widget-heading .elementor-heading-title.elementor-size-large{font-size:29px}.elementor-widget-heading .elementor-heading-title.elementor-size-xl{font-size:39px}.elementor-widget-heading .elementor-heading-title.elementor-size-xxl{font-size:59px}<\/style><h2 class=\"elementor-heading-title elementor-size-default\">Z\u00e1sady ochrany osobn\u00edch \u00fadaj\u016f<\/h2>\t\t<\/div>\n\t\t\t\t<\/div>\n\t\t\t\t<div class=\"elementor-element elementor-element-37865b5 elementor-widget elementor-widget-text-editor\" data-id=\"37865b5\" data-element_type=\"widget\" data-widget_type=\"text-editor.default\">\n\t\t\t\t<div class=\"elementor-widget-container\">\n\t\t\t<style>\/*! elementor - v3.17.0 - 08-11-2023 *\/\n.elementor-widget-text-editor.elementor-drop-cap-view-stacked .elementor-drop-cap{background-color:#69727d;color:#fff}.elementor-widget-text-editor.elementor-drop-cap-view-framed .elementor-drop-cap{color:#69727d;border:3px solid;background-color:transparent}.elementor-widget-text-editor:not(.elementor-drop-cap-view-default) .elementor-drop-cap{margin-top:8px}.elementor-widget-text-editor:not(.elementor-drop-cap-view-default) .elementor-drop-cap-letter{width:1em;height:1em}.elementor-widget-text-editor .elementor-drop-cap{float:left;text-align:center;line-height:1;font-size:50px}.elementor-widget-text-editor .elementor-drop-cap-letter{display:inline-block}<\/style>\t\t\t\t<p>Ve smyslu Z\u00e1kona \u010d. 18\/2018 Z. z. a Na\u0159\u00edzen\u00ed EU 2016\/679 dobrovoln\u011b souhlas\u00edm se spr\u00e1vou, zpracov\u00e1n\u00edm a uchov\u00e1n\u00edm m\u00fdch osobn\u00edch \u00fadaj\u016f za \u00fa\u010delem zaji\u0161t\u011bn\u00ed vz\u00e1jemn\u00e9 komunikace iniciovan\u00e9 t\u00edmto kontaktn\u00edm formul\u00e1\u0159em. Souhlas lze kdykoli odvolat, jinak zanikne po uplynut\u00ed 3 let od jeho ud\u011blen\u00ed a \u00fadaje budou vymaz\u00e1ny. Kontakt pro odvol\u00e1n\u00ed souhlasu je: <a href=\"mailto:jas.zilina@gmail.com\">jas.zilina@gmail.com<\/a>.<\/p><p>\u00a0<\/p><p><strong><u>INFORMACE O ZPRACOV\u00c1V\u00c1N\u00cd OSOBN\u00cdCH \u00daDAJ\u016e<\/u><\/strong><\/p><p>V souvislosti se zpracov\u00e1v\u00e1n\u00edm osobn\u00edch \u00fadaj\u016f, V\u00e1m ve smyslu \u010dl. 13 Na\u0159\u00edzen\u00ed Evropsk\u00e9ho parlamentu a Rady EU 2016\/679 (GDPR) ze dne 27. dubna 2016 o ochran\u011b fyzick\u00fdch osob p\u0159i zpracov\u00e1v\u00e1n\u00ed osobn\u00edch \u00fadaj\u016f a voln\u00e9m pohybu takov\u00fdch \u00fadaj\u016f, poskytujeme n\u00e1sleduj\u00edc\u00ed informace.<\/p><p>\u00a0<\/p><p><strong>KDO JE PROVOZOVATEL<\/strong><\/p><p>Provozovatelem www.schramek-schramek.com a zpracovatelem va\u0161ich osobn\u00edch \u00fadaj\u016f je spole\u010dnost J \u2013 A.S. \u017dilina s.r.o., He\u010dkova 2534\/18, 010 01 \u017dilina, I\u010cO: 45539928.\u00a0M\u016f\u017eete se na n\u00e1s obr\u00e1tit p\u00edsemn\u011b e-mailem <a href=\"mailto:jas.zilina@gmail.com\">jas.zilina@gmail.com<\/a><\/p><p>\u00a0<\/p><p><strong>ROZSAH OSOBN\u00cdCH \u00daDAJ\u016e<\/strong><\/p><p>Rozsah osobn\u00edch \u00fadaj\u016f, kter\u00e9 zpracov\u00e1v\u00e1me, se sna\u017e\u00edme minimalizovat s ohledem na kvalitn\u00ed spln\u011bn\u00ed slu\u017eeb tak, abychom splnili z\u00e1konn\u00e9 povinnosti a abychom chr\u00e1nili na\u0161e opr\u00e1vn\u011bn\u00e9 z\u00e1jmy. Zpracov\u00e1v\u00e1me osobn\u00ed \u00fadaje na\u0161ich z\u00e1kazn\u00edk\u016f, jako\u017e i osobn\u00ed \u00fadaje na\u0161ich potenci\u00e1ln\u00edch z\u00e1kazn\u00edk\u016f, kte\u0159\u00ed n\u00e1m k tomu dali souhlas.<\/p><p>Zpracov\u00e1v\u00e1me tyto kategorie osobn\u00edch \u00fadaj\u016f:<\/p><ul><li><strong>Z\u00e1kladn\u00ed \u00fadaje<\/strong>, kter\u00fdmi jsou va\u0161e jm\u00e9no a p\u0159\u00edjmen\u00ed, p\u0159\u00edpadn\u011b N\u00e1zev spole\u010dnosti, jste-li podnikatel \u2013 fyzick\u00e1 osoba (\u017eivnostn\u00edk)<\/li><li><strong>Kontaktn\u00ed \u00fadaje<\/strong>, kter\u00fdmi jsou V\u00e1\u0161 e-mail, telefonn\u00ed \u010d\u00edslo.<\/li><li>Informace o vyu\u017e\u00edv\u00e1n\u00ed na\u0161ich produkt\u016f a slu\u017eeb, o produktech, kter\u00e9 jste si zakoupili, nebo zva\u017eujete jejich n\u00e1kup a podobn\u011b.<\/li><li>Z\u00e1znamy e-mailov\u00e9 a chatov\u00e9 komunikace, z\u00e1znamy telefon\u00e1t\u016f, p\u0159\u00edpadn\u011b jinou komunikaci s v\u00e1mi v elektronick\u00e9 nebo p\u00edsemn\u00e9 podob\u011b.<\/li><\/ul><p>\u00a0<\/p><p><strong>\u00da\u010cELY ZPRACOV\u00c1V\u00c1N\u00cd OSOBN\u00cdCH \u00daDAJ\u016e<\/strong><\/p><p>Va\u0161e osobn\u00ed \u00fadaje zpracov\u00e1v\u00e1me zejm\u00e9na pro pot\u0159ebu vypracov\u00e1v\u00e1n\u00ed obchodn\u00edch nab\u00eddek, p\u0159\u00edpadn\u011b ke komunikaci s V\u00e1mi ohledn\u011b zad\u00e1n\u00ed sepsan\u00e9ho V\u00e1mi v kontaktn\u00edm formul\u00e1\u0159i. M\u016f\u017ee v\u00e9st k uzav\u00edr\u00e1n\u00ed kupn\u00edch smluv, jejich\u017e p\u0159edm\u011btem je dod\u00e1vka na\u0161eho zbo\u017e\u00ed a slu\u017eeb. Tato \u010dinnost sest\u00e1v\u00e1 p\u0159edev\u0161\u00edm z p\u0159\u00edjmu a zpracov\u00e1n\u00ed objedn\u00e1vek, vystavov\u00e1n\u00ed faktur a da\u0148ov\u00fdch doklad\u016f, evidence plateb, odes\u00edl\u00e1n\u00ed zbo\u017e\u00ed na zvolenou adresu apod.\u00a0Pro \u0159\u00e1dn\u00e9 spln\u011bn\u00ed v\u0161ech z\u00e1konn\u00fdch povinnost\u00ed, zpracov\u00e1v\u00e1me osobn\u00ed \u00fadaje i pro \u00fa\u010dely veden\u00ed \u00fa\u010detnictv\u00ed, spr\u00e1vy registratury, \u010di vy\u0159izov\u00e1n\u00ed reklamac\u00ed a st\u00ed\u017enost\u00ed. V n\u011bkter\u00fdch p\u0159\u00edpadech je t\u0159eba osobn\u00ed \u00fadaje zpracovat i pro \u00fa\u010dely soudn\u00edch spor\u016f a mimosoudn\u00edho vym\u00e1h\u00e1n\u00ed pohled\u00e1vek.\u00a0Va\u0161e osobn\u00ed \u00fadaje zpracov\u00e1v\u00e1me tak\u00e9 pro \u00fa\u010dely informov\u00e1n\u00ed o na\u0161ich produktech a slu\u017eb\u00e1ch v r\u00e1mci p\u0159\u00edm\u00e9ho marketingu.<\/p><p>\u00a0<\/p><p><strong>PR\u00c1VN\u00cd Z\u00c1KLADY ZPRACOV\u00c1V\u00c1N\u00cd OSOBN\u00cdCH \u00daDAJ\u016e<\/strong><\/p><p>Va\u0161e osobn\u00ed \u00fadaje zpracov\u00e1v\u00e1me v souladu se z\u00e1konem, pouze na z\u00e1klad\u011b pr\u00e1vn\u00edch z\u00e1klad\u016f v p\u0159\u00edpadech kdy\u017e:<\/p><p>Je zpracov\u00e1v\u00e1n\u00ed osobn\u00edch \u00fadaj\u016f nezbytn\u00e9 pro spln\u011bn\u00ed smlouvy (nap\u0159\u00edklad kupn\u00ed smlouvy) a vy jste smluvn\u00ed stranou, nebo jste n\u00e1s po\u017e\u00e1dali o proveden\u00ed opat\u0159en\u00ed p\u0159ed uzav\u0159en\u00edm smlouvy.<br \/>Nebo je zpracov\u00e1v\u00e1n\u00ed va\u0161ich osobn\u00edch \u00fadaj\u016f nezbytn\u00e9 v r\u00e1mci na\u0161eho opr\u00e1vn\u011bn\u00e9ho z\u00e1jmu, kter\u00fd sledujeme a j\u00edm je p\u0159edev\u0161\u00edm nab\u00eddka a prodej zbo\u017e\u00ed a slu\u017eeb na\u0161im z\u00e1kazn\u00edk\u016fm.<br \/>Nebo jste n\u00e1m ud\u011blili v\u00e1\u0161 souhlas k jednomu nebo v\u00edce \u00fa\u010del\u016fm. Ty mohou zahrnovat zejm\u00e9na \u010dinnosti spojen\u00e9 s nab\u00eddkou zbo\u017e\u00ed slu\u017eeb, nebo zpracov\u00e1v\u00e1n\u00ed s c\u00edlem p\u0159izp\u016fsobit nab\u00eddku va\u0161im o\u010dek\u00e1v\u00e1n\u00edm.<\/p><p>\u00a0<\/p><p><strong>KATEGORIE P\u0158\u00cdJEMC\u016e<\/strong><\/p><p>Osobn\u00ed \u00fadaje mohou b\u00fdt p\u0159i zpracov\u00e1v\u00e1n\u00ed poskytnuty n\u00e1sleduj\u00edc\u00edm kategori\u00edm p\u0159\u00edjemc\u016f:<\/p><ul><li>Kur\u00fdrn\u00ed a p\u0159epravn\u00ed spole\u010dnosti<\/li><li>Soudy a org\u00e1ny \u010dinn\u00e9 v trestn\u00edm \u0159\u00edzen\u00ed<\/li><li>\u00da\u010detn\u00ed kancel\u00e1\u0159e, audito\u0159i a da\u0148ov\u00ed poradci<\/li><\/ul><p>\u00a0<\/p><p><strong>DOBA UCHOV\u00c1V\u00c1N\u00cd OSOBN\u00cdCH \u00daDAJ\u016e.<\/strong><\/p><ul><li>V p\u0159\u00edpad\u011b souhlasu doty\u010dn\u00e9 osoby (se zas\u00edl\u00e1n\u00edm novinek, slev a cenov\u00fdch akc\u00ed), budeme va\u0161e \u00fadaje zpracov\u00e1vat pouze do momentu, dokud sv\u016fj souhlas neodvol\u00e1te.<\/li><li>V p\u0159\u00edpad\u011b opr\u00e1vn\u011bn\u00e9ho z\u00e1jmu, budeme va\u0161e osobn\u00ed \u00fadaje zpracov\u00e1vat, pokud nebudete zpracov\u00e1n\u00ed nam\u00edtat, po dobu, kter\u00e1 je opodstatn\u011bn\u00e1 (nap\u0159. vzhledem k \u017eivotn\u00edmu cyklu zakoupen\u00e9ho produktu nebo slu\u017eby, abychom v\u00e1m mohli nab\u00edzet a poskytovat souvisej\u00edc\u00ed produkty, z\u00e1kaznick\u00fd servis a slu\u017eby).<\/li><li>V p\u0159\u00edpad\u011b pln\u011bn\u00ed smlouvy budeme va\u0161e osobn\u00ed \u00fadaje zpracov\u00e1vat po dobu, po kterou trv\u00e1 smluvn\u00ed vztah, v\u010detn\u011b z\u00e1ruky a reklama\u010dn\u00edch podm\u00ednek.<\/li><li>V p\u0159\u00edpad\u011b pln\u011bn\u00ed z\u00e1konn\u00e9 povinnosti, budeme va\u0161e osobn\u00ed \u00fadaje zpracov\u00e1vat po dobu, kterou n\u00e1m ukl\u00e1d\u00e1 z\u00e1kon. V p\u0159\u00edpad\u011b z\u00e1kona o \u00fa\u010detnictv\u00ed, z\u00e1kona o DPH apod. m\u016f\u017ee b\u00fdt lh\u016fta 10 let.<\/li><\/ul><p>\u00a0<\/p><p><strong>VA\u0160E PR\u00c1VA JAKO DOT\u010cEN\u00ddCH OSOB<\/strong><\/p><p>P\u0159i zpracov\u00e1v\u00e1n\u00ed va\u0161ich osobn\u00edch \u00fadaj\u016f jsme p\u0159ipraveni chr\u00e1nit Va\u0161e pr\u00e1va.<\/p><ul><li>M\u00e1te pr\u00e1vo na p\u0159\u00edstup ke sv\u00fdm osobn\u00edm \u00fadaj\u016fm, jako\u017e i pr\u00e1vo v\u011bd\u011bt k jak\u00e9mu \u00fa\u010delu jsou zpracov\u00e1v\u00e1ny, kdo jsou p\u0159\u00edjemci va\u0161ich osobn\u00edch \u00fadaj\u016f, jak\u00e1 je doba zpracov\u00e1v\u00e1n\u00ed.<\/li><li>M\u00e1te pr\u00e1vo na opravu, pokud jsou va\u0161e osobn\u00ed \u00fadaje nespr\u00e1vn\u00e9 nebo se zm\u011bnily, kontaktuje n\u00e1s, oprav\u00edme je.<\/li><li>M\u00e1te pr\u00e1vo na vymaz\u00e1n\u00ed osobn\u00edch \u00fadaj\u016f, pokud jsou nespr\u00e1vn\u00e9 nebo zpracov\u00e1v\u00e1ny nez\u00e1konn\u011b.<br \/>Pokud jsou va\u0161e osobn\u00ed \u00fadaje zpracov\u00e1v\u00e1ny na z\u00e1klad\u011b souhlasu, m\u00e1te pr\u00e1vo jej kdykoli odvolat, ani\u017e by to m\u011blo vliv na z\u00e1konnost zpracov\u00e1v\u00e1n\u00ed zalo\u017een\u00e9ho na souhlasu ud\u011blen\u00e9m p\u0159ed jeho odvol\u00e1n\u00edm.<\/li><li>M\u00e1te pr\u00e1vo na omezen\u00ed zpracov\u00e1n\u00ed, pokud si p\u0159ejete, budeme \u00fadaje zpracov\u00e1vat pouze na nejnutn\u011bj\u0161\u00ed z\u00e1konn\u00e9 d\u016fvody, nebo v\u016fbec.<\/li><li>M\u00e1te pr\u00e1vo nam\u00edtat a automatizovan\u00e9 individu\u00e1ln\u00ed rozhodov\u00e1n\u00ed, pokud zjist\u00edte, nebo si mysl\u00edte, \u017ee toto zpracov\u00e1v\u00e1n\u00ed je nez\u00e1konn\u00e9, nebo v rozporu s va\u0161imi pr\u00e1vy.\u00a0\u00a0<\/li><li>M\u00e1te pr\u00e1vo na p\u0159enosnost \u00fadaj\u016f, pokud si p\u0159ejete p\u0159en\u00e9st je k jin\u00e9mu provozovateli, poskytneme v\u00e1m je v odpov\u00eddaj\u00edc\u00edm form\u00e1tu, pokud tomu nebudou br\u00e1nit jin\u00e9 technick\u00e9 nebo z\u00e1konn\u00e9 p\u0159ek\u00e1\u017eky.<\/li><li>Rovn\u011b\u017e tak\u00e9 pr\u00e1vo podat st\u00ed\u017enost dozor\u010d\u00edmu org\u00e1nu, kter\u00fdm je \u00da\u0159ad pro ochranu osobn\u00edch \u00fadaj\u016f Slovensk\u00e9 republiky, se s\u00eddlem Hrani\u010dn\u00e1 12, 820 07 Bratislava 27, Slovensk\u00e1 republika, I\u010cO: 36 064 220, tel. \u010d.: +421 2 3231 3220,\u00a0https:\/\/dataprotection.gov.sk\/uoou\/<\/li><\/ul><p>\u00a0<\/p><p><strong>KDE A JAK M\u016e\u017dETE SV\u00c1 PR\u00c1VA UPLATNIT<\/strong><\/p><p>Va\u0161e pr\u00e1va m\u016f\u017eete uplatnit p\u00edsemn\u011b na adrese J \u2013 A.S. \u00a0\u017dilina s.r.o., He\u010dkova 2534\/18, 01001 \u017dilina, nebo e-mailem\u00a0jas.zilina@gmail.com.<br \/>Na va\u0161i \u017e\u00e1dost odpov\u00edme bezplatn\u011b ve lh\u016ft\u011b do 30 dn\u016f. V p\u0159\u00edpad\u011b slo\u017eitosti nebo velk\u00e9ho po\u010dtu \u017e\u00e1dost\u00ed jsme opr\u00e1vn\u011bni tuto lh\u016ftu prodlou\u017eit o dal\u0161\u00edch 60 dn\u00ed. Pokud k tomu dojde, budeme V\u00e1s o tom i o d\u016fvodech informovat.\u00a0Bude-li ale va\u0161e \u017e\u00e1dost zjevn\u011b neod\u016fvodn\u011bn\u00e1 nebo opakovan\u00e1, jsme opr\u00e1vn\u011bni \u00fa\u010dtovat si p\u0159im\u011b\u0159en\u00fd administrativn\u00ed poplatek na pokryt\u00ed n\u00e1klad\u016f spojen\u00fdch s poskytnut\u00edm t\u00e9to slu\u017eby.\u00a0<\/p>\t\t\t\t\t\t<\/div>\n\t\t\t\t<\/div>\n\t\t\t\t\t<\/div>\n\t\t\t\t<\/div>\n\t\t\t\t\t\t\t<\/div>\n\t\t","protected":false},"excerpt":{"rendered":"<p>Z\u00e1sady ochrany osobn\u00edch \u00fadaj\u016f Ve smyslu Z\u00e1kona \u010d. 18\/2018 Z. z. a Na\u0159\u00edzen\u00ed EU 2016\/679 dobrovoln\u011b souhlas\u00edm se spr\u00e1vou, zpracov\u00e1n\u00edm a uchov\u00e1n\u00edm m\u00fdch osobn\u00edch \u00fadaj\u016f za \u00fa\u010delem zaji\u0161t\u011bn\u00ed vz\u00e1jemn\u00e9 komunikace iniciovan\u00e9 t\u00edmto kontaktn\u00edm formul\u00e1\u0159em. Souhlas lze kdykoli odvolat, jinak zanikne po uplynut\u00ed 3 let od jeho ud\u011blen\u00ed a \u00fadaje budou vymaz\u00e1ny. Kontakt pro odvol\u00e1n\u00ed souhlasu [&hellip;]<\/p>\n","protected":false},"author":1,"featured_media":0,"parent":0,"menu_order":0,"comment_status":"closed","ping_status":"open","template":"","meta":{"footnotes":""},"acf":[],"_links":{"self":[{"href":"https:\/\/schramek-schramek.com\/cs\/wp-json\/wp\/v2\/pages\/7628"}],"collection":[{"href":"https:\/\/schramek-schramek.com\/cs\/wp-json\/wp\/v2\/pages"}],"about":[{"href":"https:\/\/schramek-schramek.com\/cs\/wp-json\/wp\/v2\/types\/page"}],"author":[{"embeddable":true,"href":"https:\/\/schramek-schramek.com\/cs\/wp-json\/wp\/v2\/users\/1"}],"replies":[{"embeddable":true,"href":"https:\/\/schramek-schramek.com\/cs\/wp-json\/wp\/v2\/comments?post=7628"}],"version-history":[{"count":0,"href":"https:\/\/schramek-schramek.com\/cs\/wp-json\/wp\/v2\/pages\/7628\/revisions"}],"wp:attachment":[{"href":"https:\/\/schramek-schramek.com\/cs\/wp-json\/wp\/v2\/media?parent=7628"}],"curies":[{"name":"wp","href":"https:\/\/api.w.org\/{rel}","templated":true}]}}