{"id":7645,"date":"2023-11-13T21:34:25","date_gmt":"2023-11-13T20:34:25","guid":{"rendered":"https:\/\/schramek-schramek.com\/a-propos-de-nous\/"},"modified":"2024-01-17T19:57:35","modified_gmt":"2024-01-17T18:57:35","slug":"qui-sommes-nous","status":"publish","type":"page","link":"https:\/\/schramek-schramek.com\/fr\/qui-sommes-nous\/","title":{"rendered":"Qui sommes-nous"},"content":{"rendered":"\t\t<div data-elementor-type=\"wp-page\" data-elementor-id=\"7645\" class=\"elementor elementor-7645 elementor-217\" data-elementor-post-type=\"page\">\n\t\t\t\t\t\t\t<div class=\"elementor-element elementor-element-9d1ff38 e-flex e-con-boxed e-con e-parent\" data-id=\"9d1ff38\" data-element_type=\"container\" data-settings=\"{&quot;content_width&quot;:&quot;boxed&quot;}\" data-core-v316-plus=\"true\">\n\t\t\t\t\t<div class=\"e-con-inner\">\n\t\t<div class=\"elementor-element elementor-element-e5695f0 e-con-full e-flex e-con e-child\" data-id=\"e5695f0\" data-element_type=\"container\" data-settings=\"{&quot;content_width&quot;:&quot;full&quot;}\">\n\t\t\t\t<div class=\"elementor-element elementor-element-d75727d elementor-widget-mobile__width-inherit elementor-widget elementor-widget-heading\" data-id=\"d75727d\" data-element_type=\"widget\" data-widget_type=\"heading.default\">\n\t\t\t\t<div class=\"elementor-widget-container\">\n\t\t\t<style>\/*! elementor - v3.17.0 - 08-11-2023 *\/\n.elementor-heading-title{padding:0;margin:0;line-height:1}.elementor-widget-heading .elementor-heading-title[class*=elementor-size-]>a{color:inherit;font-size:inherit;line-height:inherit}.elementor-widget-heading .elementor-heading-title.elementor-size-small{font-size:15px}.elementor-widget-heading .elementor-heading-title.elementor-size-medium{font-size:19px}.elementor-widget-heading .elementor-heading-title.elementor-size-large{font-size:29px}.elementor-widget-heading .elementor-heading-title.elementor-size-xl{font-size:39px}.elementor-widget-heading .elementor-heading-title.elementor-size-xxl{font-size:59px}<\/style><h2 class=\"elementor-heading-title elementor-size-default\">Profil de l'entreprise<\/h2>\t\t<\/div>\n\t\t\t\t<\/div>\n\t\t\t\t<div class=\"elementor-element elementor-element-75ddaad elementor-widget-mobile__width-inherit elementor-widget elementor-widget-text-editor\" data-id=\"75ddaad\" data-element_type=\"widget\" data-widget_type=\"text-editor.default\">\n\t\t\t\t<div class=\"elementor-widget-container\">\n\t\t\t<style>\/*! elementor - v3.17.0 - 08-11-2023 *\/\n.elementor-widget-text-editor.elementor-drop-cap-view-stacked .elementor-drop-cap{background-color:#69727d;color:#fff}.elementor-widget-text-editor.elementor-drop-cap-view-framed .elementor-drop-cap{color:#69727d;border:3px solid;background-color:transparent}.elementor-widget-text-editor:not(.elementor-drop-cap-view-default) .elementor-drop-cap{margin-top:8px}.elementor-widget-text-editor:not(.elementor-drop-cap-view-default) .elementor-drop-cap-letter{width:1em;height:1em}.elementor-widget-text-editor .elementor-drop-cap{float:left;text-align:center;line-height:1;font-size:50px}.elementor-widget-text-editor .elementor-drop-cap-letter{display:inline-block}<\/style>\t\t\t\tApr\u00e8s de longues ann\u00e9es d\u2019exp\u00e9rience dans les pays du Benelux et en Allemagne o\u00f9 l\u2019\u00e9levage des chevaux et les soins qui leur sont prodigu\u00e9s sont au plus haut niveau, nous avons d\u00e9cid\u00e9 d\u2019apporter qualit\u00e9, professionnalisme et innovation au march\u00e9 slovaque. En 2010 nous avons fond\u00e9 une petite entreprise familiale en Slovaquie dans l\u2019id\u00e9e de produire des boxes \u00e0 chevaux uniques et de haute qualit\u00e9,. La petite entreprise familiale s\u2019est progressivement transform\u00e9e en une soci\u00e9t\u00e9 qui produit chaque ann\u00e9e davantage de boxes de diff\u00e9rents types et r\u00e9pond aux exigences du march\u00e9 slovaque mais qui propose \u00e9galement ses services avec succ\u00e8s en R\u00e9publique tch\u00e8que, Croatie et Autriche. Nous exportons aussi vers l\u2019Australie et la Nouvelle-Z\u00e9lande depuis 2012. Nous avons r\u00e9alis\u00e9 nos premiers projets en Norv\u00e8ge en 2015 et avons p\u00e9n\u00e9tr\u00e9 les march\u00e9s allemand et italien avec succ\u00e8s d\u00e8s 2016.\t\t\t\t\t\t<\/div>\n\t\t\t\t<\/div>\n\t\t\t\t<div class=\"elementor-element elementor-element-5bf932a elementor-widget elementor-widget-text-editor\" data-id=\"5bf932a\" data-element_type=\"widget\" data-widget_type=\"text-editor.default\">\n\t\t\t\t<div class=\"elementor-widget-container\">\n\t\t\t\t\t\t\tLa production de boxes et d\u2019\u00e9quipements pour \u00e9curies n\u2019est pas seulement devenue notre travail mais aussi notre passion. C\u2019est pourquoi nous am\u00e9liorons continuellement nos produits afin de r\u00e9pondre aux besoins les plus exigeants de notre client\u00e8le ainsi qu\u2019aux nouvelles tendances dans le domaine de l\u2019\u00e9levage de chevaux. Nos produits sont construits \u00e0 partir de mat\u00e9riaux de haute qualit\u00e9, riches de nombreux d\u00e9tails ouvrag\u00e9s et pour une tr\u00e8s large part faits main par nos artisans. Nous offrons \u00e9galement un travail de qualit\u00e9 dans le domaine du montage pour que le r\u00e9sultat en soit toujours s\u00fbr et r\u00e9ponde aux exigences de confort de vos compagnons \u00e0 quatre pattes. La satisfaction de nos clients est au c\u0153ur de nos pr\u00e9occupations. Nous fournissons en outre des conseils professionnels pour aider nos clients \u00e0 d\u00e9finir leurs id\u00e9es et besoins.\t\t\t\t\t\t<\/div>\n\t\t\t\t<\/div>\n\t\t\t\t<\/div>\n\t\t\t\t<div class=\"elementor-element elementor-element-82eb906 elementor-widget elementor-widget-image\" data-id=\"82eb906\" data-element_type=\"widget\" data-widget_type=\"image.default\">\n\t\t\t\t<div class=\"elementor-widget-container\">\n\t\t\t<style>\/*! elementor - v3.17.0 - 08-11-2023 *\/\n.elementor-widget-image{text-align:center}.elementor-widget-image a{display:inline-block}.elementor-widget-image a img[src$=\".svg\"]{width:48px}.elementor-widget-image img{vertical-align:middle;display:inline-block}<\/style>\t\t\t\t\t\t\t\t\t\t\t\t<img fetchpriority=\"high\" decoding=\"async\" width=\"800\" height=\"532\" src=\"https:\/\/schramek-schramek.com\/wp-content\/uploads\/2023\/11\/ab6075974e6352635be5a46eef4f2cb7.jpeg\" class=\"attachment-large size-large wp-image-1899\" alt=\"\" srcset=\"https:\/\/schramek-schramek.com\/wp-content\/uploads\/2023\/11\/ab6075974e6352635be5a46eef4f2cb7.jpeg 800w, https:\/\/schramek-schramek.com\/wp-content\/uploads\/2023\/11\/ab6075974e6352635be5a46eef4f2cb7-300x200.jpeg 300w, https:\/\/schramek-schramek.com\/wp-content\/uploads\/2023\/11\/ab6075974e6352635be5a46eef4f2cb7-768x511.jpeg 768w\" sizes=\"(max-width: 800px) 100vw, 800px\" \/>\t\t\t\t\t\t\t\t\t\t\t\t\t\t\t<\/div>\n\t\t\t\t<\/div>\n\t\t\t\t\t<\/div>\n\t\t\t\t<\/div>\n\t\t<div class=\"elementor-element elementor-element-9a696e6 elementor-hidden-mobile e-flex e-con-boxed e-con e-parent\" data-id=\"9a696e6\" data-element_type=\"container\" data-settings=\"{&quot;content_width&quot;:&quot;boxed&quot;}\" data-core-v316-plus=\"true\">\n\t\t\t\t\t<div class=\"e-con-inner\">\n\t\t<div class=\"elementor-element elementor-element-8f4795b e-con-full e-flex e-con e-child\" data-id=\"8f4795b\" data-element_type=\"container\" data-settings=\"{&quot;content_width&quot;:&quot;full&quot;}\">\n\t\t\t\t<\/div>\n\t\t<div class=\"elementor-element elementor-element-2c5a406 e-con-full e-flex e-con e-child\" data-id=\"2c5a406\" data-element_type=\"container\" data-settings=\"{&quot;content_width&quot;:&quot;full&quot;}\">\n\t\t\t\t<\/div>\n\t\t<div class=\"elementor-element elementor-element-00639de e-con-full e-flex e-con e-child\" data-id=\"00639de\" data-element_type=\"container\" data-settings=\"{&quot;content_width&quot;:&quot;full&quot;}\">\n\t\t\t\t<\/div>\n\t\t\t\t\t<\/div>\n\t\t\t\t<\/div>\n\t\t<div class=\"elementor-element elementor-element-d0fb6cf e-flex e-con-boxed e-con e-parent\" data-id=\"d0fb6cf\" data-element_type=\"container\" data-settings=\"{&quot;content_width&quot;:&quot;boxed&quot;}\" data-core-v316-plus=\"true\">\n\t\t\t\t\t<div class=\"e-con-inner\">\n\t\t<div class=\"elementor-element elementor-element-df26c13 e-con-full e-flex e-con e-child\" data-id=\"df26c13\" data-element_type=\"container\" data-settings=\"{&quot;content_width&quot;:&quot;full&quot;}\">\n\t\t\t\t<div class=\"elementor-element elementor-element-8ea2d01 elementor-widget elementor-widget-image\" data-id=\"8ea2d01\" data-element_type=\"widget\" data-widget_type=\"image.default\">\n\t\t\t\t<div class=\"elementor-widget-container\">\n\t\t\t\t\t\t\t\t\t\t\t\t\t\t\t<img decoding=\"async\" width=\"481\" height=\"659\" src=\"https:\/\/schramek-schramek.com\/wp-content\/uploads\/2023\/11\/Rectangle-49-1.png\" class=\"attachment-large size-large wp-image-1904\" alt=\"\" srcset=\"https:\/\/schramek-schramek.com\/wp-content\/uploads\/2023\/11\/Rectangle-49-1.png 481w, https:\/\/schramek-schramek.com\/wp-content\/uploads\/2023\/11\/Rectangle-49-1-219x300.png 219w\" sizes=\"(max-width: 481px) 100vw, 481px\" \/>\t\t\t\t\t\t\t\t\t\t\t\t\t\t\t<\/div>\n\t\t\t\t<\/div>\n\t\t\t\t<div class=\"elementor-element elementor-element-f93684c elementor-align-center elementor-absolute e-transform elementor-widget elementor-widget-button\" data-id=\"f93684c\" data-element_type=\"widget\" data-settings=\"{&quot;_position&quot;:&quot;absolute&quot;,&quot;_transform_translateX_effect_hover&quot;:{&quot;unit&quot;:&quot;px&quot;,&quot;size&quot;:3,&quot;sizes&quot;:[]},&quot;_transform_translateY_effect_hover&quot;:{&quot;unit&quot;:&quot;px&quot;,&quot;size&quot;:-3,&quot;sizes&quot;:[]},&quot;_transform_translateX_effect_hover_tablet&quot;:{&quot;unit&quot;:&quot;px&quot;,&quot;size&quot;:&quot;&quot;,&quot;sizes&quot;:[]},&quot;_transform_translateX_effect_hover_mobile&quot;:{&quot;unit&quot;:&quot;px&quot;,&quot;size&quot;:&quot;&quot;,&quot;sizes&quot;:[]},&quot;_transform_translateY_effect_hover_tablet&quot;:{&quot;unit&quot;:&quot;px&quot;,&quot;size&quot;:&quot;&quot;,&quot;sizes&quot;:[]},&quot;_transform_translateY_effect_hover_mobile&quot;:{&quot;unit&quot;:&quot;px&quot;,&quot;size&quot;:&quot;&quot;,&quot;sizes&quot;:[]}}\" data-widget_type=\"button.default\">\n\t\t\t\t<div class=\"elementor-widget-container\">\n\t\t\t\t\t<div class=\"elementor-button-wrapper\">\n\t\t\t<a class=\"elementor-button elementor-button-link elementor-size-sm\" href=\"#\">\n\t\t\t\t\t\t<span class=\"elementor-button-content-wrapper\">\n\t\t\t\t\t\t<span class=\"elementor-button-text\">Nos valeurs<\/span>\n\t\t<\/span>\n\t\t\t\t\t<\/a>\n\t\t<\/div>\n\t\t\t\t<\/div>\n\t\t\t\t<\/div>\n\t\t\t\t<\/div>\n\t\t<div class=\"elementor-element elementor-element-5aad984 e-con-full e-flex e-con e-child\" data-id=\"5aad984\" data-element_type=\"container\" data-settings=\"{&quot;content_width&quot;:&quot;full&quot;}\">\n\t\t<div class=\"elementor-element elementor-element-9ceb291 e-flex e-con-boxed e-con e-child\" data-id=\"9ceb291\" data-element_type=\"container\" data-settings=\"{&quot;content_width&quot;:&quot;boxed&quot;}\">\n\t\t\t\t\t<div class=\"e-con-inner\">\n\t\t<div class=\"elementor-element elementor-element-8b74fff e-con-full e-flex e-con e-child\" data-id=\"8b74fff\" data-element_type=\"container\" data-settings=\"{&quot;content_width&quot;:&quot;full&quot;}\">\n\t\t\t\t<div class=\"elementor-element elementor-element-bb2ae22 elementor-widget elementor-widget-image\" data-id=\"bb2ae22\" data-element_type=\"widget\" data-widget_type=\"image.default\">\n\t\t\t\t<div class=\"elementor-widget-container\">\n\t\t\t\t\t\t\t\t\t\t\t\t\t\t\t<img decoding=\"async\" width=\"113\" height=\"151\" src=\"https:\/\/schramek-schramek.com\/wp-content\/uploads\/2023\/11\/Vector-2.svg\" class=\"attachment-large size-large wp-image-1814\" alt=\"\" \/>\t\t\t\t\t\t\t\t\t\t\t\t\t\t\t<\/div>\n\t\t\t\t<\/div>\n\t\t\t\t<\/div>\n\t\t<div class=\"elementor-element elementor-element-f419580 e-flex e-con-boxed e-con e-child\" data-id=\"f419580\" data-element_type=\"container\" data-settings=\"{&quot;content_width&quot;:&quot;boxed&quot;}\">\n\t\t\t\t\t<div class=\"e-con-inner\">\n\t\t\t\t<div class=\"elementor-element elementor-element-a95402a elementor-widget elementor-widget-heading\" data-id=\"a95402a\" data-element_type=\"widget\" data-widget_type=\"heading.default\">\n\t\t\t\t<div class=\"elementor-widget-container\">\n\t\t\t<h2 class=\"elementor-heading-title elementor-size-default\">Qualit\u00e9<\/h2>\t\t<\/div>\n\t\t\t\t<\/div>\n\t\t\t\t<div class=\"elementor-element elementor-element-8bf3a85 elementor-widget elementor-widget-text-editor\" data-id=\"8bf3a85\" data-element_type=\"widget\" data-widget_type=\"text-editor.default\">\n\t\t\t\t<div class=\"elementor-widget-container\">\n\t\t\t\t\t\t\tNous attribuons une importance pr\u00e9pond\u00e9rante \u00e0 la qualit\u00e9 et nous nous approvisionnons uniquement aupr\u00e8s de fournisseurs v\u00e9rifi\u00e9s et patent\u00e9s. Une grande partie des composants des stalles est fabriqu\u00e9e \u00e0 la main par nos artisans et chaque produit est soumis \u00e0 deux inspections au moins avant de quitter notre entreprise.\t\t\t\t\t\t<\/div>\n\t\t\t\t<\/div>\n\t\t\t\t\t<\/div>\n\t\t\t\t<\/div>\n\t\t\t\t\t<\/div>\n\t\t\t\t<\/div>\n\t\t<div class=\"elementor-element elementor-element-ec026c3 e-flex e-con-boxed e-con e-child\" data-id=\"ec026c3\" data-element_type=\"container\" data-settings=\"{&quot;content_width&quot;:&quot;boxed&quot;}\">\n\t\t\t\t\t<div class=\"e-con-inner\">\n\t\t<div class=\"elementor-element elementor-element-d309ad9 e-con-full e-flex e-con e-child\" data-id=\"d309ad9\" data-element_type=\"container\" data-settings=\"{&quot;content_width&quot;:&quot;full&quot;}\">\n\t\t\t\t<div class=\"elementor-element elementor-element-800254a elementor-widget elementor-widget-image\" data-id=\"800254a\" data-element_type=\"widget\" data-widget_type=\"image.default\">\n\t\t\t\t<div class=\"elementor-widget-container\">\n\t\t\t\t\t\t\t\t\t\t\t\t\t\t\t<img loading=\"lazy\" decoding=\"async\" width=\"165\" height=\"151\" src=\"https:\/\/schramek-schramek.com\/wp-content\/uploads\/2023\/11\/Vector-1.svg\" class=\"attachment-large size-large wp-image-1819\" alt=\"\" \/>\t\t\t\t\t\t\t\t\t\t\t\t\t\t\t<\/div>\n\t\t\t\t<\/div>\n\t\t\t\t<\/div>\n\t\t<div class=\"elementor-element elementor-element-e01973b e-flex e-con-boxed e-con e-child\" data-id=\"e01973b\" data-element_type=\"container\" data-settings=\"{&quot;content_width&quot;:&quot;boxed&quot;}\">\n\t\t\t\t\t<div class=\"e-con-inner\">\n\t\t\t\t<div class=\"elementor-element elementor-element-eb76258 elementor-widget elementor-widget-heading\" data-id=\"eb76258\" data-element_type=\"widget\" data-widget_type=\"heading.default\">\n\t\t\t\t<div class=\"elementor-widget-container\">\n\t\t\t<h2 class=\"elementor-heading-title elementor-size-default\">La tradition<\/h2>\t\t<\/div>\n\t\t\t\t<\/div>\n\t\t\t\t<div class=\"elementor-element elementor-element-9f46d76 elementor-widget elementor-widget-text-editor\" data-id=\"9f46d76\" data-element_type=\"widget\" data-widget_type=\"text-editor.default\">\n\t\t\t\t<div class=\"elementor-widget-container\">\n\t\t\t\t\t\t\tLes d\u00e9buts de notre entreprise remontent \u00e0 1998 quand nous avons \u00e9tabli une coop\u00e9ration avec une soci\u00e9t\u00e9 n\u00e9erlandaise poss\u00e9dant une longue tradition sur le march\u00e9 et une grande exp\u00e9rience dans la production et l\u2019assemblage de boxes \u00e0 chevaux. Nous avons faite n\u00f4tre cette exp\u00e9rience et la d\u00e9veloppons sans cesse.\t\t\t\t\t\t<\/div>\n\t\t\t\t<\/div>\n\t\t\t\t\t<\/div>\n\t\t\t\t<\/div>\n\t\t\t\t\t<\/div>\n\t\t\t\t<\/div>\n\t\t<div class=\"elementor-element elementor-element-2633de3 e-flex e-con-boxed e-con e-child\" data-id=\"2633de3\" data-element_type=\"container\" data-settings=\"{&quot;content_width&quot;:&quot;boxed&quot;}\">\n\t\t\t\t\t<div class=\"e-con-inner\">\n\t\t<div class=\"elementor-element elementor-element-01fc1dd e-con-full e-flex e-con e-child\" data-id=\"01fc1dd\" data-element_type=\"container\" data-settings=\"{&quot;content_width&quot;:&quot;full&quot;}\">\n\t\t\t\t<div class=\"elementor-element elementor-element-fedddc8 elementor-widget elementor-widget-image\" data-id=\"fedddc8\" data-element_type=\"widget\" data-widget_type=\"image.default\">\n\t\t\t\t<div class=\"elementor-widget-container\">\n\t\t\t\t\t\t\t\t\t\t\t\t\t\t\t<img loading=\"lazy\" decoding=\"async\" width=\"144\" height=\"150\" src=\"https:\/\/schramek-schramek.com\/wp-content\/uploads\/2023\/11\/Vector.svg\" class=\"attachment-large size-large wp-image-1824\" alt=\"\" \/>\t\t\t\t\t\t\t\t\t\t\t\t\t\t\t<\/div>\n\t\t\t\t<\/div>\n\t\t\t\t<\/div>\n\t\t<div class=\"elementor-element elementor-element-04f33a3 e-flex e-con-boxed e-con e-child\" data-id=\"04f33a3\" data-element_type=\"container\" data-settings=\"{&quot;content_width&quot;:&quot;boxed&quot;}\">\n\t\t\t\t\t<div class=\"e-con-inner\">\n\t\t\t\t<div class=\"elementor-element elementor-element-606e91a elementor-widget elementor-widget-heading\" data-id=\"606e91a\" data-element_type=\"widget\" data-widget_type=\"heading.default\">\n\t\t\t\t<div class=\"elementor-widget-container\">\n\t\t\t<h2 class=\"elementor-heading-title elementor-size-default\">100% Atyp<\/h2>\t\t<\/div>\n\t\t\t\t<\/div>\n\t\t\t\t<div class=\"elementor-element elementor-element-e536cb8 elementor-widget elementor-widget-text-editor\" data-id=\"e536cb8\" data-element_type=\"widget\" data-widget_type=\"text-editor.default\">\n\t\t\t\t<div class=\"elementor-widget-container\">\n\t\t\t\t\t\t\tL\u2019ensemble de notre production est orient\u00e9e vers la fabrication sur mesure. Nous nous occupons de chaque client individuellement et adaptons nos produits \u00e0 ses besoins. Chacun de nos produits est exclusif.\t\t\t\t\t\t<\/div>\n\t\t\t\t<\/div>\n\t\t\t\t\t<\/div>\n\t\t\t\t<\/div>\n\t\t\t\t\t<\/div>\n\t\t\t\t<\/div>\n\t\t\t\t<\/div>\n\t\t\t\t\t<\/div>\n\t\t\t\t<\/div>\n\t\t<div class=\"elementor-element elementor-element-ff25c79 e-flex e-con-boxed e-con e-parent\" data-id=\"ff25c79\" data-element_type=\"container\" id=\"aboutUsImage\" data-settings=\"{&quot;background_background&quot;:&quot;classic&quot;,&quot;content_width&quot;:&quot;boxed&quot;}\" data-core-v316-plus=\"true\">\n\t\t\t\t\t<div class=\"e-con-inner\">\n\t\t\t\t<div class=\"elementor-element elementor-element-aa910e9 e-transform elementor-align-center elementor-widget elementor-widget-button\" data-id=\"aa910e9\" data-element_type=\"widget\" data-settings=\"{&quot;_transform_translateX_effect_hover&quot;:{&quot;unit&quot;:&quot;px&quot;,&quot;size&quot;:3,&quot;sizes&quot;:[]},&quot;_transform_translateY_effect_hover&quot;:{&quot;unit&quot;:&quot;px&quot;,&quot;size&quot;:-3,&quot;sizes&quot;:[]},&quot;_transform_translateX_effect_hover_tablet&quot;:{&quot;unit&quot;:&quot;px&quot;,&quot;size&quot;:&quot;&quot;,&quot;sizes&quot;:[]},&quot;_transform_translateX_effect_hover_mobile&quot;:{&quot;unit&quot;:&quot;px&quot;,&quot;size&quot;:&quot;&quot;,&quot;sizes&quot;:[]},&quot;_transform_translateY_effect_hover_tablet&quot;:{&quot;unit&quot;:&quot;px&quot;,&quot;size&quot;:&quot;&quot;,&quot;sizes&quot;:[]},&quot;_transform_translateY_effect_hover_mobile&quot;:{&quot;unit&quot;:&quot;px&quot;,&quot;size&quot;:&quot;&quot;,&quot;sizes&quot;:[]}}\" data-widget_type=\"button.default\">\n\t\t\t\t<div class=\"elementor-widget-container\">\n\t\t\t\t\t<div class=\"elementor-button-wrapper\">\n\t\t\t<a class=\"elementor-button elementor-button-link elementor-size-xs\" href=\"#\">\n\t\t\t\t\t\t<span class=\"elementor-button-content-wrapper\">\n\t\t\t\t\t\t<span class=\"elementor-button-icon elementor-align-icon-right\">\n\t\t\t\t<svg xmlns=\"http:\/\/www.w3.org\/2000\/svg\" width=\"56\" height=\"56\" viewBox=\"0 0 56 56\" fill=\"none\"><rect width=\"56\" height=\"56\" rx=\"28\" transform=\"matrix(1 0 0 -1 0 56)\" fill=\"url(#paint0_linear_18_925)\"><\/rect><path d=\"M23 18L33 28L23 38\" stroke=\"#FCEFD8\" stroke-width=\"3\" stroke-linecap=\"round\" stroke-linejoin=\"round\"><\/path><defs><linearGradient id=\"paint0_linear_18_925\" x1=\"56\" y1=\"14\" x2=\"27.1924\" y2=\"62.344\" gradientUnits=\"userSpaceOnUse\"><stop stop-color=\"#B89453\"><\/stop><stop offset=\"1\" stop-color=\"#EDCE96\"><\/stop><\/linearGradient><\/defs><\/svg>\t\t\t<\/span>\n\t\t\t\t\t\t<span class=\"elementor-button-text\">NOUS SOMMES L\u00c0 POUR VOUS<\/span>\n\t\t<\/span>\n\t\t\t\t\t<\/a>\n\t\t<\/div>\n\t\t\t\t<\/div>\n\t\t\t\t<\/div>\n\t\t\t\t\t<\/div>\n\t\t\t\t<\/div>\n\t\t<div class=\"elementor-element elementor-element-8c406d1 e-flex e-con-boxed e-con e-parent\" data-id=\"8c406d1\" data-element_type=\"container\" data-settings=\"{&quot;content_width&quot;:&quot;boxed&quot;}\" data-core-v316-plus=\"true\">\n\t\t\t\t\t<div class=\"e-con-inner\">\n\t\t\t\t<div class=\"elementor-element elementor-element-88f98c1 elementor-widget elementor-widget-heading\" data-id=\"88f98c1\" data-element_type=\"widget\" data-widget_type=\"heading.default\">\n\t\t\t\t<div class=\"elementor-widget-container\">\n\t\t\t<h2 class=\"elementor-heading-title elementor-size-default\">Ce que nous proposons<\/h2>\t\t<\/div>\n\t\t\t\t<\/div>\n\t\t\t\t\t<\/div>\n\t\t\t\t<\/div>\n\t\t<div class=\"elementor-element elementor-element-45970ce e-flex e-con-boxed e-con e-parent\" data-id=\"45970ce\" data-element_type=\"container\" data-settings=\"{&quot;content_width&quot;:&quot;boxed&quot;}\" data-core-v316-plus=\"true\">\n\t\t\t\t\t<div class=\"e-con-inner\">\n\t\t\t\t<div class=\"elementor-element elementor-element-05e9d20 elementor-widget elementor-widget-shortcode\" data-id=\"05e9d20\" data-element_type=\"widget\" data-widget_type=\"shortcode.default\">\n\t\t\t\t<div class=\"elementor-widget-container\">\n\t\t\t\t\t<div class=\"elementor-shortcode\">\n\t\t<style>\n\t\t\t.imageButton-container {\n\t\t\t\tdisplay: flex;\n\t\t\t\tjustify-content: space-between;\n\t\t\t\talign-items: baseline;\n\t\t\t\twidth: 100%;\n\t\t\t}\n\n\t\t\t.obrazok {\n\t\t\t\tdisplay: flex;\n\t\t\t\tflex-direction: column;\n\t\t\t\tflex: 0 0 calc(25% - 20px);\n\t\t\t\tmargin: 10px;\n\t\t\t\ttext-align: center;\n\t\t\t}\n\t\t\t\n\t\t\t.obrazok img {\n\t\t\t\twidth: 100%;\n\t\t\t\theight: auto;\n\t\t\t\tborder-radius: 8px 8px 0 0;\n\t\t\t\tbox-sizing: border-box;\n\t\t\t\tflex: 1;\n\t\t\t}\n\t\t\t\n\t\t\t.obrazok p {\n\t\t\t\tbackground: #0C4137;\n\t\t\t\tcolor: white;\n\t\t\t\tborder-radius: 0 0 8px 8px;\n\t\t\t\tfont-family: \"Cambria\", Sans-serif;\n\t\t\t\tfont-size: 18px;\n\t\t\t\tfont-weight: normal;\n\t\t\t\ttext-transform: uppercase;\n\t\t\t\tline-height: 2;\n\t\t\t}\n\n\t\t\t@media only screen and (max-width: 767px) {\n\t\t\t\t.imageButton-container{\n\t\t\t\t\tflex-wrap: wrap;\n\t\t\t\t}\n\t\t\t\t.obrazok{\n\t\t\t\t\tflex:100%;\n\t\t\t\t}\n\t\t\t}\n\t\t\t\n\t\t\n\t\t\t\n\t\t<\/style>\n\t\t<div class=\"imageButton-container\"><a href='https:\/\/schramek-schramek.com\/fr\/ponuka\/boites-interieures\/' class='obrazok'><img src='https:\/\/schramek-schramek.com\/wp-content\/uploads\/2023\/11\/Rectangle-69-2.png'\/><p>Bo\u00eetes int\u00e9rieures<\/p><\/a><a href='https:\/\/schramek-schramek.com\/fr\/ponuka\/boxes-et-ecuries-en-plein-air\/' class='obrazok'><img src='https:\/\/schramek-schramek.com\/wp-content\/uploads\/2023\/11\/Rectangle-70.png'\/><p>Boxes et \u00e9curies en plein air<\/p><\/a><a href='https:\/\/schramek-schramek.com\/fr\/ponuka\/fenetres-portes-et-portails\/' class='obrazok'><img src='https:\/\/schramek-schramek.com\/wp-content\/uploads\/2023\/11\/Rectangle-71.png'\/><p>Fen\u00eatres, portes et portails<\/p><\/a><a href='https:\/\/schramek-schramek.com\/fr\/ponuka\/accessoires\/' class='obrazok'><img src='https:\/\/schramek-schramek.com\/wp-content\/uploads\/2023\/11\/1cdb41cac5c8547f315ad9c06a7f4b62.jpeg'\/><p>Accessoires<\/p><\/a><\/div><\/div>\n\t\t\t\t<\/div>\n\t\t\t\t<\/div>\n\t\t\t\t\t<\/div>\n\t\t\t\t<\/div>\n\t\t\t\t\t\t\t<\/div>\n\t\t","protected":false},"excerpt":{"rendered":"<p>Profil de l&rsquo;entreprise Apr\u00e8s de longues ann\u00e9es d\u2019exp\u00e9rience dans les pays du Benelux et en Allemagne o\u00f9 l\u2019\u00e9levage des chevaux et les soins qui leur sont prodigu\u00e9s sont au plus haut niveau, nous avons d\u00e9cid\u00e9 d\u2019apporter qualit\u00e9, professionnalisme et innovation au march\u00e9 slovaque. En 2010 nous avons fond\u00e9 une petite entreprise familiale en Slovaquie dans [&hellip;]<\/p>\n","protected":false},"author":1,"featured_media":0,"parent":0,"menu_order":0,"comment_status":"closed","ping_status":"closed","template":"","meta":{"footnotes":""},"acf":[],"_links":{"self":[{"href":"https:\/\/schramek-schramek.com\/fr\/wp-json\/wp\/v2\/pages\/7645"}],"collection":[{"href":"https:\/\/schramek-schramek.com\/fr\/wp-json\/wp\/v2\/pages"}],"about":[{"href":"https:\/\/schramek-schramek.com\/fr\/wp-json\/wp\/v2\/types\/page"}],"author":[{"embeddable":true,"href":"https:\/\/schramek-schramek.com\/fr\/wp-json\/wp\/v2\/users\/1"}],"replies":[{"embeddable":true,"href":"https:\/\/schramek-schramek.com\/fr\/wp-json\/wp\/v2\/comments?post=7645"}],"version-history":[{"count":0,"href":"https:\/\/schramek-schramek.com\/fr\/wp-json\/wp\/v2\/pages\/7645\/revisions"}],"wp:attachment":[{"href":"https:\/\/schramek-schramek.com\/fr\/wp-json\/wp\/v2\/media?parent=7645"}],"curies":[{"name":"wp","href":"https:\/\/api.w.org\/{rel}","templated":true}]}}