{"id":7651,"date":"2023-11-11T07:34:06","date_gmt":"2023-11-11T06:34:06","guid":{"rendered":"https:\/\/schramek-schramek.com\/?page_id=7651"},"modified":"2023-12-08T10:43:21","modified_gmt":"2023-12-08T09:43:21","slug":"politique-de-confidentialite","status":"publish","type":"page","link":"https:\/\/schramek-schramek.com\/fr\/politique-de-confidentialite\/","title":{"rendered":"Politique de confidentialit\u00e9"},"content":{"rendered":"\t\t<div data-elementor-type=\"wp-page\" data-elementor-id=\"7651\" class=\"elementor elementor-7651 elementor-3\" data-elementor-post-type=\"page\">\n\t\t\t\t\t\t\t<div class=\"elementor-element elementor-element-d5d471c e-flex e-con-boxed e-con e-parent\" data-id=\"d5d471c\" data-element_type=\"container\" data-settings=\"{&quot;background_background&quot;:&quot;classic&quot;,&quot;content_width&quot;:&quot;boxed&quot;}\" data-core-v316-plus=\"true\">\n\t\t\t\t\t<div class=\"e-con-inner\">\n\t\t\t\t<div class=\"elementor-element elementor-element-1e21d47 elementor-widget elementor-widget-heading\" data-id=\"1e21d47\" data-element_type=\"widget\" data-widget_type=\"heading.default\">\n\t\t\t\t<div class=\"elementor-widget-container\">\n\t\t\t<style>\/*! elementor - v3.17.0 - 08-11-2023 *\/\n.elementor-heading-title{padding:0;margin:0;line-height:1}.elementor-widget-heading .elementor-heading-title[class*=elementor-size-]>a{color:inherit;font-size:inherit;line-height:inherit}.elementor-widget-heading .elementor-heading-title.elementor-size-small{font-size:15px}.elementor-widget-heading .elementor-heading-title.elementor-size-medium{font-size:19px}.elementor-widget-heading .elementor-heading-title.elementor-size-large{font-size:29px}.elementor-widget-heading .elementor-heading-title.elementor-size-xl{font-size:39px}.elementor-widget-heading .elementor-heading-title.elementor-size-xxl{font-size:59px}<\/style><h2 class=\"elementor-heading-title elementor-size-default\">Politique de confidentialit\u00e9<\/h2>\t\t<\/div>\n\t\t\t\t<\/div>\n\t\t\t\t<div class=\"elementor-element elementor-element-37865b5 elementor-widget elementor-widget-text-editor\" data-id=\"37865b5\" data-element_type=\"widget\" data-widget_type=\"text-editor.default\">\n\t\t\t\t<div class=\"elementor-widget-container\">\n\t\t\t<style>\/*! elementor - v3.17.0 - 08-11-2023 *\/\n.elementor-widget-text-editor.elementor-drop-cap-view-stacked .elementor-drop-cap{background-color:#69727d;color:#fff}.elementor-widget-text-editor.elementor-drop-cap-view-framed .elementor-drop-cap{color:#69727d;border:3px solid;background-color:transparent}.elementor-widget-text-editor:not(.elementor-drop-cap-view-default) .elementor-drop-cap{margin-top:8px}.elementor-widget-text-editor:not(.elementor-drop-cap-view-default) .elementor-drop-cap-letter{width:1em;height:1em}.elementor-widget-text-editor .elementor-drop-cap{float:left;text-align:center;line-height:1;font-size:50px}.elementor-widget-text-editor .elementor-drop-cap-letter{display:inline-block}<\/style>\t\t\t\t<p>En vertu de la loi n\u00b0. 18\/2018 Coll. et le r\u00e8glement UE 2016\/679, je consens volontairement \u00e0 la gestion, au traitement et au stockage de mes donn\u00e9es personnelles dans le but d&rsquo;assurer la communication mutuelle initi\u00e9e par ce formulaire de contact. Le consentement peut \u00eatre retir\u00e9 \u00e0 tout moment, sinon il expirera trois ans apr\u00e8s avoir \u00e9t\u00e9 accord\u00e9 et les donn\u00e9es seront supprim\u00e9es. Le contact pour le retrait du consentement est <a href=\"mailto:jas.zilina@gmail.com\">jas.zilina@gmail.com<\/a>.<\/p>\n<\/p>\n<p><strong><u>INFORMATIONS SUR LE TRAITEMENT DES DONN\u00c9ES PERSONNELLES<\/u><\/strong><\/p>\n<p>Dans le cadre du traitement des donn\u00e9es \u00e0 caract\u00e8re personnel, nous vous fournirons les informations suivantes conform\u00e9ment \u00e0 l&rsquo;art. 13 du r\u00e8glement (UE) 2016\/679 du Parlement europ\u00e9en et du Conseil (GDPR) du 27. avril 2016 relative \u00e0 la protection des personnes physiques \u00e0 l&rsquo;\u00e9gard du traitement des donn\u00e9es \u00e0 caract\u00e8re personnel et \u00e0 la libre circulation de ces donn\u00e9es, nous fournissons les informations suivantes.<\/p>\n<\/p>\n<p><strong>QUI EST L&rsquo;OP\u00c9RATEUR<\/strong><\/p>\n<p>Le responsable du traitement de www.schramek-schramek.com et le sous-traitant de vos donn\u00e9es personnelles est J &#8211; A.S. \u017dilina s.r.o., He\u010dkova 2534\/18, 010 01 \u017dilina, num\u00e9ro d&rsquo;identification : 45539928. Vous pouvez nous contacter par \u00e9crit <a href=\"mailto:jas.zilina@gmail.com\">\u00e0 l&rsquo;adresse jas.zilina@gmail.com<\/a>.<\/p>\n<\/p>\n<p><strong>CHAMP D&rsquo;APPLICATION DES DONN\u00c9ES \u00c0 CARACT\u00c8RE PERSONNEL<\/strong><\/p>\n<p>Nous nous effor\u00e7ons de minimiser la quantit\u00e9 de donn\u00e9es \u00e0 caract\u00e8re personnel que nous traitons afin de garantir la qualit\u00e9 de nos services, de nous conformer \u00e0 nos obligations l\u00e9gales et de prot\u00e9ger nos int\u00e9r\u00eats l\u00e9gitimes. Nous traitons les donn\u00e9es personnelles de nos clients ainsi que celles de nos clients potentiels qui nous ont donn\u00e9 leur accord.<\/p>\n<p>Nous traitons les cat\u00e9gories suivantes de donn\u00e9es \u00e0 caract\u00e8re personnel :<\/p>\n<ul>\n<li>Les <strong>donn\u00e9es de base<\/strong>, qui sont votre nom et pr\u00e9nom, ou le nom de votre entreprise si vous \u00eates un entrepreneur &#8211; personne physique (entrepreneur individuel)<\/li>\n<li>Les <strong>coordonn\u00e9es<\/strong>, c&rsquo;est-\u00e0-dire votre adresse \u00e9lectronique et votre num\u00e9ro de t\u00e9l\u00e9phone.<\/li>\n<li>Informations sur votre utilisation de nos produits et services, sur les produits que vous avez achet\u00e9s ou que vous envisagez d&rsquo;acheter, etc.<\/li>\n<li>Les enregistrements des communications par courrier \u00e9lectronique et par chat, les enregistrements des appels t\u00e9l\u00e9phoniques ou d&rsquo;autres communications avec vous sous forme \u00e9lectronique ou \u00e9crite.<\/li>\n<\/ul>\n<p><strong>LES FINALIT\u00c9S DU TRAITEMENT DES DONN\u00c9ES \u00c0 CARACT\u00c8RE PERSONNEL<\/strong><\/p>\n<p>Nous traitons vos donn\u00e9es personnelles principalement dans le but de vous proposer des offres commerciales ou de communiquer avec vous au sujet de la mission que vous avez r\u00e9dig\u00e9e dans le formulaire de contact. Il peut conduire \u00e0 la conclusion de contrats de vente pour la fourniture de nos biens et services. Cette activit\u00e9 consiste principalement \u00e0 recevoir et \u00e0 traiter les commandes, \u00e0 \u00e9mettre les factures et les documents fiscaux, \u00e0 enregistrer les paiements, \u00e0 envoyer les marchandises \u00e0 l&rsquo;adresse choisie, etc.<\/p>\n<p>Afin de remplir correctement toutes les obligations l\u00e9gales, nous traitons \u00e9galement des donn\u00e9es \u00e0 caract\u00e8re personnel \u00e0 des fins de comptabilit\u00e9, de gestion du registre ou de traitement des plaintes et des r\u00e9clamations. Dans certains cas, il est \u00e9galement n\u00e9cessaire de traiter des donn\u00e9es \u00e0 caract\u00e8re personnel \u00e0 des fins de contentieux et de recouvrement extrajudiciaire de cr\u00e9ances.<br \/>Nous traitons \u00e9galement vos donn\u00e9es personnelles dans le but de vous informer sur nos produits et services dans le cadre du marketing direct.<\/p>\n<\/p>\n<p><strong>LA BASE JURIDIQUE DU TRAITEMENT DES DONN\u00c9ES \u00c0 CARACT\u00c8RE PERSONNEL<\/strong><\/p>\n<p>Nous traitons vos donn\u00e9es personnelles conform\u00e9ment \u00e0 la loi, uniquement sur la base de motifs l\u00e9gaux dans les cas o\u00f9 :<\/p>\n<ul>\n<li>Le traitement des donn\u00e9es \u00e0 caract\u00e8re personnel est n\u00e9cessaire \u00e0 l&rsquo;ex\u00e9cution d&rsquo;un contrat (par exemple, un contrat de vente) et vous \u00eates partie au contrat ou vous nous avez demand\u00e9 d&rsquo;ex\u00e9cuter les mesures pr\u00e9contractuelles.<\/li>\n<li>soit le traitement de vos donn\u00e9es \u00e0 caract\u00e8re personnel est n\u00e9cessaire dans le cadre de l&rsquo;int\u00e9r\u00eat l\u00e9gitime que nous poursuivons, qui est principalement l&rsquo;offre et la vente de biens et de services \u00e0 nos clients.<\/li>\n<li>Ou vous nous avez donn\u00e9 votre consentement pour une ou plusieurs raisons. Il peut s&rsquo;agir notamment d&rsquo;activit\u00e9s li\u00e9es \u00e0 l&rsquo;offre de biens et de services, ou de traitements visant \u00e0 adapter l&rsquo;offre \u00e0 vos attentes.<\/li>\n<\/ul>\n<p><strong>CAT\u00c9GORIES DE B\u00c9N\u00c9FICIAIRES<\/strong><\/p>\n<p>Les donn\u00e9es \u00e0 caract\u00e8re personnel peuvent \u00eatre divulgu\u00e9es aux cat\u00e9gories de destinataires suivantes au cours du traitement :<\/p>\n<ul>\n<li>Entreprises de messagerie et de transport<\/li>\n<li>Tribunaux et autorit\u00e9s charg\u00e9es de l&rsquo;application de la loi<\/li>\n<li>Cabinets comptables, auditeurs et conseillers fiscaux<\/li>\n<\/ul>\n<p><strong>LA DUR\u00c9E DE CONSERVATION DES DONN\u00c9ES \u00c0 CARACT\u00c8RE PERSONNEL.<\/strong><\/p>\n<p>En cas de consentement de la personne concern\u00e9e (pour recevoir des bulletins d&rsquo;information, des remises et des promotions), nous ne traiterons vos donn\u00e9es que jusqu&rsquo;\u00e0 ce que vous retiriez votre consentement. En cas d&rsquo;int\u00e9r\u00eat l\u00e9gitime, nous traiterons vos donn\u00e9es \u00e0 caract\u00e8re personnel, \u00e0 moins que vous ne vous y opposiez, pendant une p\u00e9riode justifi\u00e9e (par exemple, en raison du cycle de vie du produit ou du service achet\u00e9, afin de vous proposer et de vous fournir des produits, un service \u00e0 la client\u00e8le et des services connexes). Dans le cas de l&rsquo;ex\u00e9cution d&rsquo;un contrat, nous traiterons vos donn\u00e9es \u00e0 caract\u00e8re personnel pendant toute la dur\u00e9e de la relation contractuelle, y compris la garantie et les conditions de la r\u00e9clamation. Dans le cas du respect d&rsquo;une obligation l\u00e9gale, nous traiterons vos donn\u00e9es \u00e0 caract\u00e8re personnel pendant la p\u00e9riode requise par la loi. Dans le cas de la loi sur la comptabilit\u00e9, de la loi sur la TVA, etc. peut \u00eatre une p\u00e9riode de 10 ans.<\/p>\n<\/p>\n<p><strong>VOS DROITS EN TANT QUE PERSONNES CONCERN\u00c9ES<\/strong><\/p>\n<p>Nous sommes pr\u00eats \u00e0 prot\u00e9ger vos droits lors du traitement de vos donn\u00e9es personnelles.<\/p>\n<ul>\n<li>Vous avez le droit d&rsquo;acc\u00e9der \u00e0 vos donn\u00e9es personnelles, ainsi que le droit de savoir dans quel but elles sont trait\u00e9es, qui sont les destinataires de vos donn\u00e9es personnelles et quelle est la dur\u00e9e du traitement.<\/li>\n<li>Vous avez le droit de rectification, si vos donn\u00e9es personnelles sont incorrectes ou ont chang\u00e9, veuillez nous contacter, nous les corrigerons.<\/li>\n<li>Vous avez le droit de faire effacer vos donn\u00e9es personnelles si elles sont incorrectes ou trait\u00e9es ill\u00e9galement.<br \/>Si vos donn\u00e9es \u00e0 caract\u00e8re personnel sont trait\u00e9es sur la base du consentement, vous avez le droit de le retirer \u00e0 tout moment, sans que cela n&rsquo;affecte la l\u00e9galit\u00e9 du traitement fond\u00e9 sur le consentement donn\u00e9 avant son retrait.<\/li>\n<li>Vous avez le droit de restreindre le traitement si vous souhaitez que nous ne traitions les donn\u00e9es que pour les raisons l\u00e9gales les plus strictes ou pas du tout.<\/li>\n<li>Vous avez le droit de vous opposer \u00e0 la prise de d\u00e9cision individuelle automatis\u00e9e si vous constatez ou estimez que ce traitement est ill\u00e9gal ou qu&rsquo;il porte atteinte \u00e0 vos droits.<\/li>\n<li>Vous avez le droit \u00e0 la portabilit\u00e9 des donn\u00e9es. Si vous souhaitez transf\u00e9rer vos donn\u00e9es \u00e0 un autre responsable du traitement, nous vous les fournirons dans le format appropri\u00e9, \u00e0 moins que d&rsquo;autres obstacles techniques ou juridiques ne s&rsquo;y opposent.<\/li>\n<li>Vous avez \u00e9galement le droit d&rsquo;introduire une r\u00e9clamation aupr\u00e8s de l&rsquo;autorit\u00e9 de contr\u00f4le, qui est l&rsquo;Office de protection des donn\u00e9es personnelles de la R\u00e9publique slovaque, situ\u00e9 \u00e0 Hrani\u010dn\u00e1 12, 820 07 Bratislava 27, R\u00e9publique slovaque, n\u00b0 d&rsquo;identification : 36 064 220, n\u00b0 de t\u00e9l\u00e9phone : +421 2 3231 3220, https:\/\/dataprotection.gov.sk\/uoou\/.<\/li>\n<\/ul>\n<p><strong>O\u00d9 ET COMMENT VOUS POUVEZ EXERCER VOS DROITS<\/strong><\/p>\n<p>Vous pouvez exercer vos droits en \u00e9crivant \u00e0 J &#8211; A.S. \u017dilina s.r.o., He\u010dkova 2534\/18, 01001 \u017dilina, ou par courrier \u00e9lectronique <a href=\"mailto:jas.zilina@gmail.com\">jas.zilina@gmail.com.<\/a><br \/>Nous r\u00e9pondrons gratuitement \u00e0 votre demande dans un d\u00e9lai de 30 jours. En cas de complexit\u00e9 ou de grand nombre de demandes, nous sommes en droit de prolonger ce d\u00e9lai de 60 jours suppl\u00e9mentaires. Dans ce cas, nous vous en communiquerons les raisons.<br \/>Toutefois, si votre demande est manifestement infond\u00e9e ou r\u00e9p\u00e9t\u00e9e, nous sommes en droit de facturer des frais administratifs raisonnables pour couvrir les co\u00fbts li\u00e9s \u00e0 la fourniture de ce service.<\/p>\n\t\t\t\t\t\t<\/div>\n\t\t\t\t<\/div>\n\t\t\t\t\t<\/div>\n\t\t\t\t<\/div>\n\t\t\t\t\t\t\t<\/div>\n\t\t","protected":false},"excerpt":{"rendered":"<p>Politique de confidentialit\u00e9 En vertu de la loi n\u00b0. 18\/2018 Coll. et le r\u00e8glement UE 2016\/679, je consens volontairement \u00e0 la gestion, au traitement et au stockage de mes donn\u00e9es personnelles dans le but d&rsquo;assurer la communication mutuelle initi\u00e9e par ce formulaire de contact. Le consentement peut \u00eatre retir\u00e9 \u00e0 tout moment, sinon il expirera [&hellip;]<\/p>\n","protected":false},"author":1,"featured_media":0,"parent":0,"menu_order":0,"comment_status":"closed","ping_status":"open","template":"","meta":{"footnotes":""},"acf":[],"_links":{"self":[{"href":"https:\/\/schramek-schramek.com\/fr\/wp-json\/wp\/v2\/pages\/7651"}],"collection":[{"href":"https:\/\/schramek-schramek.com\/fr\/wp-json\/wp\/v2\/pages"}],"about":[{"href":"https:\/\/schramek-schramek.com\/fr\/wp-json\/wp\/v2\/types\/page"}],"author":[{"embeddable":true,"href":"https:\/\/schramek-schramek.com\/fr\/wp-json\/wp\/v2\/users\/1"}],"replies":[{"embeddable":true,"href":"https:\/\/schramek-schramek.com\/fr\/wp-json\/wp\/v2\/comments?post=7651"}],"version-history":[{"count":0,"href":"https:\/\/schramek-schramek.com\/fr\/wp-json\/wp\/v2\/pages\/7651\/revisions"}],"wp:attachment":[{"href":"https:\/\/schramek-schramek.com\/fr\/wp-json\/wp\/v2\/media?parent=7651"}],"curies":[{"name":"wp","href":"https:\/\/api.w.org\/{rel}","templated":true}]}}