{"id":7653,"date":"2023-11-11T07:34:06","date_gmt":"2023-11-11T06:34:06","guid":{"rendered":"https:\/\/schramek-schramek.com\/?page_id=7653"},"modified":"2023-12-08T10:43:20","modified_gmt":"2023-12-08T09:43:20","slug":"polityka-prywatnosci","status":"publish","type":"page","link":"https:\/\/schramek-schramek.com\/pl\/polityka-prywatnosci\/","title":{"rendered":"Polityka prywatno\u015bci"},"content":{"rendered":"\t\t<div data-elementor-type=\"wp-page\" data-elementor-id=\"7653\" class=\"elementor elementor-7653 elementor-3\" data-elementor-post-type=\"page\">\n\t\t\t\t\t\t\t<div class=\"elementor-element elementor-element-d5d471c e-flex e-con-boxed e-con e-parent\" data-id=\"d5d471c\" data-element_type=\"container\" data-settings=\"{&quot;background_background&quot;:&quot;classic&quot;,&quot;content_width&quot;:&quot;boxed&quot;}\" data-core-v316-plus=\"true\">\n\t\t\t\t\t<div class=\"e-con-inner\">\n\t\t\t\t<div class=\"elementor-element elementor-element-1e21d47 elementor-widget elementor-widget-heading\" data-id=\"1e21d47\" data-element_type=\"widget\" data-widget_type=\"heading.default\">\n\t\t\t\t<div class=\"elementor-widget-container\">\n\t\t\t<style>\/*! elementor - v3.17.0 - 08-11-2023 *\/\n.elementor-heading-title{padding:0;margin:0;line-height:1}.elementor-widget-heading .elementor-heading-title[class*=elementor-size-]>a{color:inherit;font-size:inherit;line-height:inherit}.elementor-widget-heading .elementor-heading-title.elementor-size-small{font-size:15px}.elementor-widget-heading .elementor-heading-title.elementor-size-medium{font-size:19px}.elementor-widget-heading .elementor-heading-title.elementor-size-large{font-size:29px}.elementor-widget-heading .elementor-heading-title.elementor-size-xl{font-size:39px}.elementor-widget-heading .elementor-heading-title.elementor-size-xxl{font-size:59px}<\/style><h2 class=\"elementor-heading-title elementor-size-default\">Polityka prywatno\u015bci<\/h2>\t\t<\/div>\n\t\t\t\t<\/div>\n\t\t\t\t<div class=\"elementor-element elementor-element-37865b5 elementor-widget elementor-widget-text-editor\" data-id=\"37865b5\" data-element_type=\"widget\" data-widget_type=\"text-editor.default\">\n\t\t\t\t<div class=\"elementor-widget-container\">\n\t\t\t<style>\/*! elementor - v3.17.0 - 08-11-2023 *\/\n.elementor-widget-text-editor.elementor-drop-cap-view-stacked .elementor-drop-cap{background-color:#69727d;color:#fff}.elementor-widget-text-editor.elementor-drop-cap-view-framed .elementor-drop-cap{color:#69727d;border:3px solid;background-color:transparent}.elementor-widget-text-editor:not(.elementor-drop-cap-view-default) .elementor-drop-cap{margin-top:8px}.elementor-widget-text-editor:not(.elementor-drop-cap-view-default) .elementor-drop-cap-letter{width:1em;height:1em}.elementor-widget-text-editor .elementor-drop-cap{float:left;text-align:center;line-height:1;font-size:50px}.elementor-widget-text-editor .elementor-drop-cap-letter{display:inline-block}<\/style>\t\t\t\t<p>Zgodnie z ustaw\u0105 nr. 18\/2018 Coll. U. i rozporz\u0105dzenia UE 2016\/679, dobrowolnie wyra\u017cam zgod\u0119 na zarz\u0105dzanie, przetwarzanie i przechowywanie moich danych osobowych w celu zapewnienia wzajemnej komunikacji zainicjowanej przez ten formularz kontaktowy. Zgod\u0119 mo\u017cna wycofa\u0107 w dowolnym momencie, w przeciwnym razie wyga\u015bnie ona po up\u0142ywie 3 lat od jej udzielenia, a dane zostan\u0105 usuni\u0119te. Kontakt w sprawie wycofania zgody jest mo\u017cliwy pod adresem <a href=\"mailto:jas.zilina@gmail.com\">jas.zilina@gmail.com<\/a>.<\/p>\n<\/p>\n<p><strong><u>INFORMACJE O PRZETWARZANIU DANYCH OSOBOWYCH<\/u><\/strong><\/p>\n<p>W zwi\u0105zku z przetwarzaniem danych osobowych przeka\u017cemy u\u017cytkownikowi nast\u0119puj\u0105ce informacje zgodnie z art. 6 ust. 1 lit. a) RODO. 13 rozporz\u0105dzenia Parlamentu Europejskiego i Rady (UE) 2016\/679 (RODO) z dnia 27. kwietnia 2016 r. w sprawie ochrony os\u00f3b fizycznych w zwi\u0105zku z przetwarzaniem danych osobowych i w sprawie swobodnego przep\u0142ywu takich danych, przekazujemy nast\u0119puj\u0105ce informacje.<\/p>\n<\/p>\n<p><strong>KTO JEST OPERATOREM<\/strong><\/p>\n<p>Administratorem strony www.schramek-schramek.com i podmiotem przetwarzaj\u0105cym dane osobowe jest J &#8211; A.S. \u017dilina s.r.o., He\u010dkova 2534\/18, 010 01 \u017dilina, ID No.: 45539928. Mo\u017cesz skontaktowa\u0107 si\u0119 z nami pisemnie, wysy\u0142aj\u0105c wiadomo\u015b\u0107 e-mail <a href=\"mailto:jas.zilina@gmail.com\">na adres jas.zilina@gmail.com<\/a>.<\/p>\n<\/p>\n<p><strong>ZAKRES DANYCH OSOBOWYCH<\/strong><\/p>\n<p>D\u0105\u017cymy do zminimalizowania ilo\u015bci danych osobowych, kt\u00f3re przetwarzamy, maj\u0105c na uwadze jako\u015b\u0107 naszych us\u0142ug, przestrzeganie naszych zobowi\u0105za\u0144 prawnych i ochron\u0119 naszych uzasadnionych interes\u00f3w. Przetwarzamy dane osobowe naszych klient\u00f3w, a tak\u017ce dane osobowe naszych potencjalnych klient\u00f3w, kt\u00f3rzy wyrazili na to zgod\u0119.<\/p>\n<p>Przetwarzamy nast\u0119puj\u0105ce kategorie danych osobowych:<\/p>\n<ul>\n<li><strong>Podstawowe dane<\/strong>, czyli imi\u0119 i nazwisko lub nazwa firmy, je\u015bli jeste\u015b przedsi\u0119biorc\u0105 &#8211; osob\u0105 fizyczn\u0105 (jednoosobow\u0105 dzia\u0142alno\u015bci\u0105 gospodarcz\u0105).<\/li>\n<li><strong>Dane kontaktowe<\/strong>, takie jak adres e-mail, numer telefonu.<\/li>\n<li>Informacje o korzystaniu przez u\u017cytkownika z naszych produkt\u00f3w i us\u0142ug, zakupionych lub rozwa\u017canych produktach itp.<\/li>\n<li>Zapisy komunikacji e-mail i czatu, zapisy rozm\u00f3w telefonicznych lub innej komunikacji z u\u017cytkownikiem w formie elektronicznej lub pisemnej.<\/li>\n<\/ul>\n<p><strong>CELE PRZETWARZANIA DANYCH OSOBOWYCH<\/strong><\/p>\n<p>Przetwarzamy Twoje dane osobowe g\u0142\u00f3wnie w celu sporz\u0105dzania ofert biznesowych lub komunikowania si\u0119 z Tob\u0105 w sprawie zlecenia, kt\u00f3re napisa\u0142e\u015b w formularzu kontaktowym. Mo\u017ce to prowadzi\u0107 do zawarcia um\u00f3w sprzeda\u017cy na dostaw\u0119 naszych towar\u00f3w i us\u0142ug. Dzia\u0142alno\u015b\u0107 ta polega przede wszystkim na przyjmowaniu i przetwarzaniu zam\u00f3wie\u0144, wystawianiu faktur i dokument\u00f3w podatkowych, rejestrowaniu p\u0142atno\u015bci, wysy\u0142aniu towar\u00f3w pod wybrany adres itp.<\/p>\n<p>W celu prawid\u0142owego wype\u0142nienia wszystkich obowi\u0105zk\u00f3w prawnych przetwarzamy r\u00f3wnie\u017c dane osobowe do cel\u00f3w prowadzenia ksi\u0105g rachunkowych, zarz\u0105dzania rejestrem lub rozpatrywania skarg i roszcze\u0144. W niekt\u00f3rych przypadkach konieczne jest r\u00f3wnie\u017c przetwarzanie danych osobowych do cel\u00f3w post\u0119powania s\u0105dowego i pozas\u0105dowej windykacji nale\u017cno\u015bci.<br \/>Przetwarzamy r\u00f3wnie\u017c dane osobowe u\u017cytkownika w celu informowania go o naszych produktach i us\u0142ugach w kontek\u015bcie marketingu bezpo\u015bredniego.<\/p>\n<\/p>\n<p><strong>PODSTAWA PRAWNA PRZETWARZANIA DANYCH OSOBOWYCH<\/strong><\/p>\n<p>Przetwarzamy dane osobowe u\u017cytkownika zgodnie z prawem, wy\u0142\u0105cznie na podstawie podstaw prawnych w przypadkach, gdy:<\/p>\n<ul>\n<li>Czy przetwarzanie danych osobowych jest niezb\u0119dne do wykonania umowy (np. umowy sprzeda\u017cy), a u\u017cytkownik jest stron\u0105 umowy lub poprosi\u0142 nas o podj\u0119cie dzia\u0142a\u0144 przed zawarciem umowy.<\/li>\n<li>Lub przetwarzanie danych osobowych jest niezb\u0119dne w ramach naszego uzasadnionego interesu, kt\u00f3rym jest przede wszystkim oferowanie i sprzeda\u017c towar\u00f3w i us\u0142ug naszym klientom.<\/li>\n<li>Lub u\u017cytkownik wyrazi\u0142 zgod\u0119 na jeden lub wi\u0119cej cel\u00f3w. Mog\u0105 to by\u0107 w szczeg\u00f3lno\u015bci dzia\u0142ania zwi\u0105zane z oferowaniem towar\u00f3w i us\u0142ug lub przetwarzaniem w celu dostosowania oferty do oczekiwa\u0144 u\u017cytkownika.<\/li>\n<\/ul>\n<p><strong>KATEGORIE BENEFICJENT\u00d3W<\/strong><\/p>\n<p>Podczas przetwarzania dane osobowe mog\u0105 by\u0107 ujawniane nast\u0119puj\u0105cym kategoriom odbiorc\u00f3w:<\/p>\n<ul>\n<li>Firmy kurierskie i transportowe<\/li>\n<li>S\u0105dy i organy \u015bcigania<\/li>\n<li>Firmy ksi\u0119gowe, audytorzy i doradcy podatkowi<\/li>\n<\/ul>\n<p><strong>OKRES PRZECHOWYWANIA DANYCH OSOBOWYCH.<\/strong><\/p>\n<p>W przypadku wyra\u017cenia zgody przez osob\u0119, kt\u00f3rej dane dotycz\u0105 (na otrzymywanie biuletyn\u00f3w, rabat\u00f3w i promocji cenowych), b\u0119dziemy przetwarza\u0107 dane tylko do momentu wycofania zgody. W przypadku uzasadnionego interesu b\u0119dziemy przetwarza\u0107 dane osobowe u\u017cytkownika, o ile nie sprzeciwi si\u0119 on przetwarzaniu, przez okres, kt\u00f3ry jest uzasadniony (np. ze wzgl\u0119du na cykl \u017cycia zakupionego produktu lub us\u0142ugi, w celu oferowania i dostarczania powi\u0105zanych produkt\u00f3w, obs\u0142ugi klienta i us\u0142ug). W przypadku wykonania umowy b\u0119dziemy przetwarza\u0107 dane osobowe u\u017cytkownika tak d\u0142ugo, jak d\u0142ugo b\u0119dzie trwa\u0142 stosunek umowny, w tym gwarancja i warunki reklamacji. W przypadku spe\u0142nienia obowi\u0105zku prawnego b\u0119dziemy przetwarza\u0107 dane osobowe u\u017cytkownika przez okres wymagany przez prawo. W przypadku ustawy o rachunkowo\u015bci, ustawy o VAT itp. mo\u017ce wynosi\u0107 10 lat.<\/p>\n<\/p>\n<p><strong>PRAWA U\u017bYTKOWNIKA JAKO OSOBY, KT\u00d3REJ DANE DOTYCZ\u0104<\/strong><\/p>\n<p>Jeste\u015bmy gotowi chroni\u0107 prawa u\u017cytkownika podczas przetwarzania jego danych osobowych.<\/p>\n<ul>\n<li>U\u017cytkownik ma prawo dost\u0119pu do swoich danych osobowych, a tak\u017ce prawo do informacji, w jakim celu s\u0105 one przetwarzane, kim s\u0105 odbiorcy jego danych osobowych oraz jaki jest okres ich przetwarzania.<\/li>\n<li>Masz prawo do sprostowania, je\u015bli Twoje dane osobowe s\u0105 nieprawid\u0142owe lub uleg\u0142y zmianie, skontaktuj si\u0119 z nami, a my je poprawimy.<\/li>\n<li>U\u017cytkownik ma prawo do usuni\u0119cia swoich danych osobowych, je\u015bli s\u0105 one nieprawid\u0142owe lub przetwarzane niezgodnie z prawem.<br \/>Je\u015bli dane osobowe u\u017cytkownika s\u0105 przetwarzane na podstawie zgody, u\u017cytkownik ma prawo do jej wycofania w dowolnym momencie, bez wp\u0142ywu na zgodno\u015b\u0107 z prawem przetwarzania na podstawie zgody udzielonej przed jej wycofaniem.<\/li>\n<li>U\u017cytkownik ma prawo do ograniczenia przetwarzania, je\u015bli chce, aby\u015bmy przetwarzali dane wy\u0142\u0105cznie z naj\u015bci\u015blejszych zgodnych z prawem powod\u00f3w lub nie przetwarzali ich wcale.<\/li>\n<li>U\u017cytkownik ma prawo sprzeciwi\u0107 si\u0119 zautomatyzowanemu podejmowaniu indywidualnych decyzji, je\u015bli stwierdzi lub uzna, \u017ce takie przetwarzanie jest niezgodne z prawem lub narusza jego prawa.<\/li>\n<li>U\u017cytkownik ma prawo do przenoszenia danych, je\u015bli chce przekaza\u0107 swoje dane innemu administratorowi, przeka\u017cemy mu je w odpowiednim formacie, chyba \u017ce uniemo\u017cliwi\u0105 to inne przeszkody techniczne lub prawne.<\/li>\n<li>U\u017cytkownik ma r\u00f3wnie\u017c prawo do wniesienia skargi do organu nadzorczego, kt\u00f3rym jest Urz\u0105d Ochrony Danych Osobowych Republiki S\u0142owackiej, z siedzib\u0105 pod adresem Hrani\u010dn\u00e1 12, 820 07 Bratislava 27, Republika S\u0142owacka, nr identyfikacyjny: 36 064 220, nr tel.: +421 2 3231 3220, https:\/\/dataprotection.gov.sk\/uoou\/.<\/li>\n<\/ul>\n<p><strong>GDZIE I W JAKI SPOS\u00d3B MO\u017bNA KORZYSTA\u0106 ZE SWOICH PRAW<\/strong><\/p>\n<p>U\u017cytkownik mo\u017ce skorzysta\u0107 ze swoich praw, pisz\u0105c na adres J &#8211; A.S. \u017dilina s.r.o., He\u010dkova 2534\/18, 01001 \u017dilina lub wysy\u0142aj\u0105c wiadomo\u015b\u0107 e-mail na adres <a href=\"mailto:jas.zilina@gmail.com\">jas.zilina@gmail.com.<\/a><br \/>Odpowiemy na Twoje \u017c\u0105danie bezp\u0142atnie w ci\u0105gu 30 dni. W przypadku z\u0142o\u017cono\u015bci lub du\u017cej liczby wniosk\u00f3w mamy prawo przed\u0142u\u017cy\u0107 ten okres o kolejne 60 dni. Je\u015bli tak si\u0119 stanie, poinformujemy u\u017cytkownika o przyczynach.<br \/>Jednak\u017ce, je\u015bli \u017c\u0105danie u\u017cytkownika jest ewidentnie nieuzasadnione lub powtarzaj\u0105ce si\u0119, jeste\u015bmy uprawnieni do pobrania uzasadnionej op\u0142aty administracyjnej w celu pokrycia koszt\u00f3w \u015bwiadczenia tej us\u0142ugi.<\/p>\n\t\t\t\t\t\t<\/div>\n\t\t\t\t<\/div>\n\t\t\t\t\t<\/div>\n\t\t\t\t<\/div>\n\t\t\t\t\t\t\t<\/div>\n\t\t","protected":false},"excerpt":{"rendered":"<p>Polityka prywatno\u015bci Zgodnie z ustaw\u0105 nr. 18\/2018 Coll. U. i rozporz\u0105dzenia UE 2016\/679, dobrowolnie wyra\u017cam zgod\u0119 na zarz\u0105dzanie, przetwarzanie i przechowywanie moich danych osobowych w celu zapewnienia wzajemnej komunikacji zainicjowanej przez ten formularz kontaktowy. Zgod\u0119 mo\u017cna wycofa\u0107 w dowolnym momencie, w przeciwnym razie wyga\u015bnie ona po up\u0142ywie 3 lat od jej udzielenia, a dane zostan\u0105 [&hellip;]<\/p>\n","protected":false},"author":1,"featured_media":0,"parent":0,"menu_order":0,"comment_status":"closed","ping_status":"open","template":"","meta":{"footnotes":""},"acf":[],"_links":{"self":[{"href":"https:\/\/schramek-schramek.com\/pl\/wp-json\/wp\/v2\/pages\/7653"}],"collection":[{"href":"https:\/\/schramek-schramek.com\/pl\/wp-json\/wp\/v2\/pages"}],"about":[{"href":"https:\/\/schramek-schramek.com\/pl\/wp-json\/wp\/v2\/types\/page"}],"author":[{"embeddable":true,"href":"https:\/\/schramek-schramek.com\/pl\/wp-json\/wp\/v2\/users\/1"}],"replies":[{"embeddable":true,"href":"https:\/\/schramek-schramek.com\/pl\/wp-json\/wp\/v2\/comments?post=7653"}],"version-history":[{"count":0,"href":"https:\/\/schramek-schramek.com\/pl\/wp-json\/wp\/v2\/pages\/7653\/revisions"}],"wp:attachment":[{"href":"https:\/\/schramek-schramek.com\/pl\/wp-json\/wp\/v2\/media?parent=7653"}],"curies":[{"name":"wp","href":"https:\/\/api.w.org\/{rel}","templated":true}]}}