{"id":217,"date":"2023-11-13T21:34:25","date_gmt":"2023-11-13T20:34:25","guid":{"rendered":"https:\/\/schramek-schramek.com\/?page_id=217"},"modified":"2024-01-17T20:03:11","modified_gmt":"2024-01-17T19:03:11","slug":"o-nas","status":"publish","type":"page","link":"https:\/\/schramek-schramek.com\/sk\/o-nas\/","title":{"rendered":"O n\u00e1s"},"content":{"rendered":"\t\t<div data-elementor-type=\"wp-page\" data-elementor-id=\"217\" class=\"elementor elementor-217\" data-elementor-post-type=\"page\">\n\t\t\t\t\t\t\t<div class=\"elementor-element elementor-element-9d1ff38 e-flex e-con-boxed e-con e-parent\" data-id=\"9d1ff38\" data-element_type=\"container\" data-settings=\"{&quot;content_width&quot;:&quot;boxed&quot;}\" data-core-v316-plus=\"true\">\n\t\t\t\t\t<div class=\"e-con-inner\">\n\t\t<div class=\"elementor-element elementor-element-e5695f0 e-con-full e-flex e-con e-child\" data-id=\"e5695f0\" data-element_type=\"container\" data-settings=\"{&quot;content_width&quot;:&quot;full&quot;}\">\n\t\t\t\t<div class=\"elementor-element elementor-element-d75727d elementor-widget-mobile__width-inherit elementor-widget elementor-widget-heading\" data-id=\"d75727d\" data-element_type=\"widget\" data-widget_type=\"heading.default\">\n\t\t\t\t<div class=\"elementor-widget-container\">\n\t\t\t<style>\/*! elementor - v3.17.0 - 08-11-2023 *\/\n.elementor-heading-title{padding:0;margin:0;line-height:1}.elementor-widget-heading .elementor-heading-title[class*=elementor-size-]>a{color:inherit;font-size:inherit;line-height:inherit}.elementor-widget-heading .elementor-heading-title.elementor-size-small{font-size:15px}.elementor-widget-heading .elementor-heading-title.elementor-size-medium{font-size:19px}.elementor-widget-heading .elementor-heading-title.elementor-size-large{font-size:29px}.elementor-widget-heading .elementor-heading-title.elementor-size-xl{font-size:39px}.elementor-widget-heading .elementor-heading-title.elementor-size-xxl{font-size:59px}<\/style><h2 class=\"elementor-heading-title elementor-size-default\">Profil firmy<\/h2>\t\t<\/div>\n\t\t\t\t<\/div>\n\t\t\t\t<div class=\"elementor-element elementor-element-75ddaad elementor-widget-mobile__width-inherit elementor-widget elementor-widget-text-editor\" data-id=\"75ddaad\" data-element_type=\"widget\" data-widget_type=\"text-editor.default\">\n\t\t\t\t<div class=\"elementor-widget-container\">\n\t\t\t<style>\/*! elementor - v3.17.0 - 08-11-2023 *\/\n.elementor-widget-text-editor.elementor-drop-cap-view-stacked .elementor-drop-cap{background-color:#69727d;color:#fff}.elementor-widget-text-editor.elementor-drop-cap-view-framed .elementor-drop-cap{color:#69727d;border:3px solid;background-color:transparent}.elementor-widget-text-editor:not(.elementor-drop-cap-view-default) .elementor-drop-cap{margin-top:8px}.elementor-widget-text-editor:not(.elementor-drop-cap-view-default) .elementor-drop-cap-letter{width:1em;height:1em}.elementor-widget-text-editor .elementor-drop-cap{float:left;text-align:center;line-height:1;font-size:50px}.elementor-widget-text-editor .elementor-drop-cap-letter{display:inline-block}<\/style>\t\t\t\t<p>Po dlhoro\u010dn\u00fdch sk\u00fasenostiach zozbieran\u00fdch v \u0161t\u00e1toch Beneluxu a Nemecku, kde starostlivos\u0165 o kone a chovate\u013estvo kon\u00ed dosahuj\u00fa najvy\u0161\u0161iu \u00farove\u0148, sme sa rozhodli prinies\u0165 aj na slovensk\u00fd trh kvalitu, profesionalitu a inov\u00e1ciu. S my\u0161lienkou vyr\u00e1ba\u0165 kvalitn\u00e9 a jedine\u010dn\u00e9 boxy pre kone, sme v roku 2010 zalo\u017eili na Slovensku mal\u00fa rodinn\u00fa firmu. Postupne z mal\u00e9ho rodinn\u00e9ho podniku vyr\u00e1stla firma, ktor\u00e1 produkuje ka\u017ed\u00fdm rokom v\u00e4\u010d\u0161\u00ed po\u010det boxov r\u00f4znych druhov a uspokojuje po\u017eiadavky nielen slovensk\u00e9ho trhu, ale svoje slu\u017eby \u00faspe\u0161ne pon\u00faka aj v \u010cesku, Chorv\u00e1tsku a Rak\u00fasku . Od roku 2012 vyv\u00e1\u017eame aj do Austr\u00e1lie a na Nov\u00fd Z\u00e9land. V roku 2015 sme realizovali prv\u00e9 projekty v N\u00f3rsku a v roku 2016 sme \u00faspe\u0161ne vst\u00fapili aj na nemeck\u00fd a taliansky trh.<\/p>\t\t\t\t\t\t<\/div>\n\t\t\t\t<\/div>\n\t\t\t\t<div class=\"elementor-element elementor-element-5bf932a elementor-widget elementor-widget-text-editor\" data-id=\"5bf932a\" data-element_type=\"widget\" data-widget_type=\"text-editor.default\">\n\t\t\t\t<div class=\"elementor-widget-container\">\n\t\t\t\t\t\t\t<p>V\u00fdroba boxov a staj\u0148ov\u00fdch zariaden\u00ed sa stali nielen na\u0161ou pr\u00e1cou, ale i na\u0161ou z\u00e1\u013eubou. Preto na\u0161e produkty neust\u00e1le zdokona\u013eujeme, aby sme tak v\u017edy vyhoveli t\u00fdm najn\u00e1ro\u010dnej\u0161\u00edm po\u017eiadavk\u00e1m na\u0161ich z\u00e1kazn\u00edkov a nov\u00fdm trendom v oblasti chovu kon\u00ed. Na\u0161e v\u00fdrobky s\u00fa zhotovovan\u00e9 z vysokokvalitn\u00fdch materi\u00e1lov s mno\u017estvom prepracovan\u00fdch detailov, ktor\u00e9 z ve\u013ekej \u010dasti vyhotovuj\u00fa na\u0161i majstri ru\u010dne. V oblasti mont\u00e1\u017ee rovnako disponujeme kvalitnou pr\u00e1cou, aby bol v\u00fdsledok v\u017edy bezpe\u010dn\u00fd a maxim\u00e1lne sp\u013a\u0148aj\u00faci n\u00e1ro\u010dn\u00e9 po\u017eiadavky pre komfort Va\u0161ich \u0161tvornoh\u00fdch mil\u00e1\u010dikov. Pre spokojnos\u0165 na\u0161ich z\u00e1kazn\u00edkov rob\u00edme maximum. Poskytujeme profesion\u00e1lne poradenstvo, ktor\u00e9 pom\u00f4\u017ee z\u00e1kazn\u00edkovi vykry\u0161talizova\u0165 jeho predstavy a po\u017eiadavky.<\/p>\t\t\t\t\t\t<\/div>\n\t\t\t\t<\/div>\n\t\t\t\t<\/div>\n\t\t\t\t<div class=\"elementor-element elementor-element-82eb906 elementor-widget elementor-widget-image\" data-id=\"82eb906\" data-element_type=\"widget\" data-widget_type=\"image.default\">\n\t\t\t\t<div class=\"elementor-widget-container\">\n\t\t\t<style>\/*! elementor - v3.17.0 - 08-11-2023 *\/\n.elementor-widget-image{text-align:center}.elementor-widget-image a{display:inline-block}.elementor-widget-image a img[src$=\".svg\"]{width:48px}.elementor-widget-image img{vertical-align:middle;display:inline-block}<\/style>\t\t\t\t\t\t\t\t\t\t\t\t<img fetchpriority=\"high\" decoding=\"async\" width=\"800\" height=\"532\" src=\"https:\/\/schramek-schramek.com\/wp-content\/uploads\/2023\/11\/ab6075974e6352635be5a46eef4f2cb7.jpeg\" class=\"attachment-large size-large wp-image-220\" alt=\"\" srcset=\"https:\/\/schramek-schramek.com\/wp-content\/uploads\/2023\/11\/ab6075974e6352635be5a46eef4f2cb7.jpeg 800w, https:\/\/schramek-schramek.com\/wp-content\/uploads\/2023\/11\/ab6075974e6352635be5a46eef4f2cb7-300x200.jpeg 300w, https:\/\/schramek-schramek.com\/wp-content\/uploads\/2023\/11\/ab6075974e6352635be5a46eef4f2cb7-768x511.jpeg 768w\" sizes=\"(max-width: 800px) 100vw, 800px\" \/>\t\t\t\t\t\t\t\t\t\t\t\t\t\t\t<\/div>\n\t\t\t\t<\/div>\n\t\t\t\t\t<\/div>\n\t\t\t\t<\/div>\n\t\t<div class=\"elementor-element elementor-element-9a696e6 elementor-hidden-mobile e-flex e-con-boxed e-con e-parent\" data-id=\"9a696e6\" data-element_type=\"container\" data-settings=\"{&quot;content_width&quot;:&quot;boxed&quot;}\" data-core-v316-plus=\"true\">\n\t\t\t\t\t<div class=\"e-con-inner\">\n\t\t<div class=\"elementor-element elementor-element-8f4795b e-con-full e-flex e-con e-child\" data-id=\"8f4795b\" data-element_type=\"container\" data-settings=\"{&quot;content_width&quot;:&quot;full&quot;}\">\n\t\t\t\t<\/div>\n\t\t<div class=\"elementor-element elementor-element-2c5a406 e-con-full e-flex e-con e-child\" data-id=\"2c5a406\" data-element_type=\"container\" data-settings=\"{&quot;content_width&quot;:&quot;full&quot;}\">\n\t\t\t\t<\/div>\n\t\t<div class=\"elementor-element elementor-element-00639de e-con-full e-flex e-con e-child\" data-id=\"00639de\" data-element_type=\"container\" data-settings=\"{&quot;content_width&quot;:&quot;full&quot;}\">\n\t\t\t\t<\/div>\n\t\t\t\t\t<\/div>\n\t\t\t\t<\/div>\n\t\t<div class=\"elementor-element elementor-element-d0fb6cf e-flex e-con-boxed e-con e-parent\" data-id=\"d0fb6cf\" data-element_type=\"container\" data-settings=\"{&quot;content_width&quot;:&quot;boxed&quot;}\" data-core-v316-plus=\"true\">\n\t\t\t\t\t<div class=\"e-con-inner\">\n\t\t<div class=\"elementor-element elementor-element-df26c13 e-con-full e-flex e-con e-child\" data-id=\"df26c13\" data-element_type=\"container\" data-settings=\"{&quot;content_width&quot;:&quot;full&quot;}\">\n\t\t\t\t<div class=\"elementor-element elementor-element-8ea2d01 elementor-widget elementor-widget-image\" data-id=\"8ea2d01\" data-element_type=\"widget\" data-widget_type=\"image.default\">\n\t\t\t\t<div class=\"elementor-widget-container\">\n\t\t\t\t\t\t\t\t\t\t\t\t\t\t\t<img decoding=\"async\" width=\"481\" height=\"659\" src=\"https:\/\/schramek-schramek.com\/wp-content\/uploads\/2023\/11\/Rectangle-49-1.png\" class=\"attachment-large size-large wp-image-231\" alt=\"\" srcset=\"https:\/\/schramek-schramek.com\/wp-content\/uploads\/2023\/11\/Rectangle-49-1.png 481w, https:\/\/schramek-schramek.com\/wp-content\/uploads\/2023\/11\/Rectangle-49-1-219x300.png 219w\" sizes=\"(max-width: 481px) 100vw, 481px\" \/>\t\t\t\t\t\t\t\t\t\t\t\t\t\t\t<\/div>\n\t\t\t\t<\/div>\n\t\t\t\t<div class=\"elementor-element elementor-element-f93684c elementor-align-center elementor-absolute e-transform elementor-widget elementor-widget-button\" data-id=\"f93684c\" data-element_type=\"widget\" data-settings=\"{&quot;_position&quot;:&quot;absolute&quot;,&quot;_transform_translateX_effect_hover&quot;:{&quot;unit&quot;:&quot;px&quot;,&quot;size&quot;:3,&quot;sizes&quot;:[]},&quot;_transform_translateY_effect_hover&quot;:{&quot;unit&quot;:&quot;px&quot;,&quot;size&quot;:-3,&quot;sizes&quot;:[]},&quot;_transform_translateX_effect_hover_tablet&quot;:{&quot;unit&quot;:&quot;px&quot;,&quot;size&quot;:&quot;&quot;,&quot;sizes&quot;:[]},&quot;_transform_translateX_effect_hover_mobile&quot;:{&quot;unit&quot;:&quot;px&quot;,&quot;size&quot;:&quot;&quot;,&quot;sizes&quot;:[]},&quot;_transform_translateY_effect_hover_tablet&quot;:{&quot;unit&quot;:&quot;px&quot;,&quot;size&quot;:&quot;&quot;,&quot;sizes&quot;:[]},&quot;_transform_translateY_effect_hover_mobile&quot;:{&quot;unit&quot;:&quot;px&quot;,&quot;size&quot;:&quot;&quot;,&quot;sizes&quot;:[]}}\" data-widget_type=\"button.default\">\n\t\t\t\t<div class=\"elementor-widget-container\">\n\t\t\t\t\t<div class=\"elementor-button-wrapper\">\n\t\t\t<a class=\"elementor-button elementor-button-link elementor-size-sm\" href=\"#\">\n\t\t\t\t\t\t<span class=\"elementor-button-content-wrapper\">\n\t\t\t\t\t\t<span class=\"elementor-button-text\">Na\u0161e hodnoty<\/span>\n\t\t<\/span>\n\t\t\t\t\t<\/a>\n\t\t<\/div>\n\t\t\t\t<\/div>\n\t\t\t\t<\/div>\n\t\t\t\t<\/div>\n\t\t<div class=\"elementor-element elementor-element-5aad984 e-con-full e-flex e-con e-child\" data-id=\"5aad984\" data-element_type=\"container\" data-settings=\"{&quot;content_width&quot;:&quot;full&quot;}\">\n\t\t<div class=\"elementor-element elementor-element-9ceb291 e-flex e-con-boxed e-con e-child\" data-id=\"9ceb291\" data-element_type=\"container\" data-settings=\"{&quot;content_width&quot;:&quot;boxed&quot;}\">\n\t\t\t\t\t<div class=\"e-con-inner\">\n\t\t<div class=\"elementor-element elementor-element-8b74fff e-con-full e-flex e-con e-child\" data-id=\"8b74fff\" data-element_type=\"container\" data-settings=\"{&quot;content_width&quot;:&quot;full&quot;}\">\n\t\t\t\t<div class=\"elementor-element elementor-element-bb2ae22 elementor-widget elementor-widget-image\" data-id=\"bb2ae22\" data-element_type=\"widget\" data-widget_type=\"image.default\">\n\t\t\t\t<div class=\"elementor-widget-container\">\n\t\t\t\t\t\t\t\t\t\t\t\t\t\t\t<img decoding=\"async\" width=\"113\" height=\"151\" src=\"https:\/\/schramek-schramek.com\/wp-content\/uploads\/2023\/11\/Vector-2.svg\" class=\"attachment-large size-large wp-image-113\" alt=\"\" \/>\t\t\t\t\t\t\t\t\t\t\t\t\t\t\t<\/div>\n\t\t\t\t<\/div>\n\t\t\t\t<\/div>\n\t\t<div class=\"elementor-element elementor-element-f419580 e-flex e-con-boxed e-con e-child\" data-id=\"f419580\" data-element_type=\"container\" data-settings=\"{&quot;content_width&quot;:&quot;boxed&quot;}\">\n\t\t\t\t\t<div class=\"e-con-inner\">\n\t\t\t\t<div class=\"elementor-element elementor-element-a95402a elementor-widget elementor-widget-heading\" data-id=\"a95402a\" data-element_type=\"widget\" data-widget_type=\"heading.default\">\n\t\t\t\t<div class=\"elementor-widget-container\">\n\t\t\t<h2 class=\"elementor-heading-title elementor-size-default\">Kvalita<\/h2>\t\t<\/div>\n\t\t\t\t<\/div>\n\t\t\t\t<div class=\"elementor-element elementor-element-8bf3a85 elementor-widget elementor-widget-text-editor\" data-id=\"8bf3a85\" data-element_type=\"widget\" data-widget_type=\"text-editor.default\">\n\t\t\t\t<div class=\"elementor-widget-container\">\n\t\t\t\t\t\t\t<p>Na kvalitu kladieme vysok\u00fd d\u00f4raz, materi\u00e1ly berieme len od overen\u00fdch, certifikovan\u00fdch dod\u00e1vate\u013eov. Ve\u013ek\u00e1 \u010das\u0165 komponentov na boxy je vyr\u00e1ban\u00e1 ru\u010dne na\u0161imi majstrami a ka\u017ed\u00fd v\u00fdrobok prejde minim\u00e1lne dvakr\u00e1t kontrolou predt\u00fdm ako opust\u00ed na\u0161u firmu.<\/p>\t\t\t\t\t\t<\/div>\n\t\t\t\t<\/div>\n\t\t\t\t\t<\/div>\n\t\t\t\t<\/div>\n\t\t\t\t\t<\/div>\n\t\t\t\t<\/div>\n\t\t<div class=\"elementor-element elementor-element-ec026c3 e-flex e-con-boxed e-con e-child\" data-id=\"ec026c3\" data-element_type=\"container\" data-settings=\"{&quot;content_width&quot;:&quot;boxed&quot;}\">\n\t\t\t\t\t<div class=\"e-con-inner\">\n\t\t<div class=\"elementor-element elementor-element-d309ad9 e-con-full e-flex e-con e-child\" data-id=\"d309ad9\" data-element_type=\"container\" data-settings=\"{&quot;content_width&quot;:&quot;full&quot;}\">\n\t\t\t\t<div class=\"elementor-element elementor-element-800254a elementor-widget elementor-widget-image\" data-id=\"800254a\" data-element_type=\"widget\" data-widget_type=\"image.default\">\n\t\t\t\t<div class=\"elementor-widget-container\">\n\t\t\t\t\t\t\t\t\t\t\t\t\t\t\t<img loading=\"lazy\" decoding=\"async\" width=\"165\" height=\"151\" src=\"https:\/\/schramek-schramek.com\/wp-content\/uploads\/2023\/11\/Vector-1.svg\" class=\"attachment-large size-large wp-image-114\" alt=\"\" \/>\t\t\t\t\t\t\t\t\t\t\t\t\t\t\t<\/div>\n\t\t\t\t<\/div>\n\t\t\t\t<\/div>\n\t\t<div class=\"elementor-element elementor-element-e01973b e-flex e-con-boxed e-con e-child\" data-id=\"e01973b\" data-element_type=\"container\" data-settings=\"{&quot;content_width&quot;:&quot;boxed&quot;}\">\n\t\t\t\t\t<div class=\"e-con-inner\">\n\t\t\t\t<div class=\"elementor-element elementor-element-eb76258 elementor-widget elementor-widget-heading\" data-id=\"eb76258\" data-element_type=\"widget\" data-widget_type=\"heading.default\">\n\t\t\t\t<div class=\"elementor-widget-container\">\n\t\t\t<h2 class=\"elementor-heading-title elementor-size-default\">Trad\u00edcia<\/h2>\t\t<\/div>\n\t\t\t\t<\/div>\n\t\t\t\t<div class=\"elementor-element elementor-element-9f46d76 elementor-widget elementor-widget-text-editor\" data-id=\"9f46d76\" data-element_type=\"widget\" data-widget_type=\"text-editor.default\">\n\t\t\t\t<div class=\"elementor-widget-container\">\n\t\t\t\t\t\t\t<p>Korene na\u0161ej firmy siahaj\u00fa a\u017e do roku 1998, kedy sme nadviazali spolupr\u00e1cu s holandskou firmou, ktor\u00e1 m\u00e1 na trhu dlhoro\u010dn\u00fa trad\u00edciu a ve\u013ek\u00e9 sk\u00fasenosti s v\u00fdrobou a mont\u00e1\u017eou boxov pre kone. Tieto sk\u00fasenosti sme si osvojili a neust\u00e1le ich rozv\u00edjame.<\/p>\t\t\t\t\t\t<\/div>\n\t\t\t\t<\/div>\n\t\t\t\t\t<\/div>\n\t\t\t\t<\/div>\n\t\t\t\t\t<\/div>\n\t\t\t\t<\/div>\n\t\t<div class=\"elementor-element elementor-element-2633de3 e-flex e-con-boxed e-con e-child\" data-id=\"2633de3\" data-element_type=\"container\" data-settings=\"{&quot;content_width&quot;:&quot;boxed&quot;}\">\n\t\t\t\t\t<div class=\"e-con-inner\">\n\t\t<div class=\"elementor-element elementor-element-01fc1dd e-con-full e-flex e-con e-child\" data-id=\"01fc1dd\" data-element_type=\"container\" data-settings=\"{&quot;content_width&quot;:&quot;full&quot;}\">\n\t\t\t\t<div class=\"elementor-element elementor-element-fedddc8 elementor-widget elementor-widget-image\" data-id=\"fedddc8\" data-element_type=\"widget\" data-widget_type=\"image.default\">\n\t\t\t\t<div class=\"elementor-widget-container\">\n\t\t\t\t\t\t\t\t\t\t\t\t\t\t\t<img loading=\"lazy\" decoding=\"async\" width=\"144\" height=\"150\" src=\"https:\/\/schramek-schramek.com\/wp-content\/uploads\/2023\/11\/Vector.svg\" class=\"attachment-large size-large wp-image-115\" alt=\"\" \/>\t\t\t\t\t\t\t\t\t\t\t\t\t\t\t<\/div>\n\t\t\t\t<\/div>\n\t\t\t\t<\/div>\n\t\t<div class=\"elementor-element elementor-element-04f33a3 e-flex e-con-boxed e-con e-child\" data-id=\"04f33a3\" data-element_type=\"container\" data-settings=\"{&quot;content_width&quot;:&quot;boxed&quot;}\">\n\t\t\t\t\t<div class=\"e-con-inner\">\n\t\t\t\t<div class=\"elementor-element elementor-element-606e91a elementor-widget elementor-widget-heading\" data-id=\"606e91a\" data-element_type=\"widget\" data-widget_type=\"heading.default\">\n\t\t\t\t<div class=\"elementor-widget-container\">\n\t\t\t<h2 class=\"elementor-heading-title elementor-size-default\">100 % Atyp<\/h2>\t\t<\/div>\n\t\t\t\t<\/div>\n\t\t\t\t<div class=\"elementor-element elementor-element-e536cb8 elementor-widget elementor-widget-text-editor\" data-id=\"e536cb8\" data-element_type=\"widget\" data-widget_type=\"text-editor.default\">\n\t\t\t\t<div class=\"elementor-widget-container\">\n\t\t\t\t\t\t\t<p>Cel\u00e1 na\u0161a produkcia je zameran\u00e1 na z\u00e1kazkov\u00fa v\u00fdrobu. Ku ka\u017ed\u00e9mu klientovi pristupujeme individu\u00e1lne a prisp\u00f4sobujeme na\u0161e produkty na mieru. Ka\u017ed\u00fd n\u00e1\u0161 v\u00fdrobok je origin\u00e1l.<\/p>\t\t\t\t\t\t<\/div>\n\t\t\t\t<\/div>\n\t\t\t\t\t<\/div>\n\t\t\t\t<\/div>\n\t\t\t\t\t<\/div>\n\t\t\t\t<\/div>\n\t\t\t\t<\/div>\n\t\t\t\t\t<\/div>\n\t\t\t\t<\/div>\n\t\t<div class=\"elementor-element elementor-element-ff25c79 e-flex e-con-boxed e-con e-parent\" data-id=\"ff25c79\" data-element_type=\"container\" id=\"aboutUsImage\" data-settings=\"{&quot;background_background&quot;:&quot;classic&quot;,&quot;content_width&quot;:&quot;boxed&quot;}\" data-core-v316-plus=\"true\">\n\t\t\t\t\t<div class=\"e-con-inner\">\n\t\t\t\t<div class=\"elementor-element elementor-element-aa910e9 e-transform elementor-align-center elementor-widget elementor-widget-button\" data-id=\"aa910e9\" data-element_type=\"widget\" data-settings=\"{&quot;_transform_translateX_effect_hover&quot;:{&quot;unit&quot;:&quot;px&quot;,&quot;size&quot;:3,&quot;sizes&quot;:[]},&quot;_transform_translateY_effect_hover&quot;:{&quot;unit&quot;:&quot;px&quot;,&quot;size&quot;:-3,&quot;sizes&quot;:[]},&quot;_transform_translateX_effect_hover_tablet&quot;:{&quot;unit&quot;:&quot;px&quot;,&quot;size&quot;:&quot;&quot;,&quot;sizes&quot;:[]},&quot;_transform_translateX_effect_hover_mobile&quot;:{&quot;unit&quot;:&quot;px&quot;,&quot;size&quot;:&quot;&quot;,&quot;sizes&quot;:[]},&quot;_transform_translateY_effect_hover_tablet&quot;:{&quot;unit&quot;:&quot;px&quot;,&quot;size&quot;:&quot;&quot;,&quot;sizes&quot;:[]},&quot;_transform_translateY_effect_hover_mobile&quot;:{&quot;unit&quot;:&quot;px&quot;,&quot;size&quot;:&quot;&quot;,&quot;sizes&quot;:[]}}\" data-widget_type=\"button.default\">\n\t\t\t\t<div class=\"elementor-widget-container\">\n\t\t\t\t\t<div class=\"elementor-button-wrapper\">\n\t\t\t<a class=\"elementor-button elementor-button-link elementor-size-xs\" href=\"#\">\n\t\t\t\t\t\t<span class=\"elementor-button-content-wrapper\">\n\t\t\t\t\t\t<span class=\"elementor-button-icon elementor-align-icon-right\">\n\t\t\t\t<svg xmlns=\"http:\/\/www.w3.org\/2000\/svg\" width=\"56\" height=\"56\" viewBox=\"0 0 56 56\" fill=\"none\"><rect width=\"56\" height=\"56\" rx=\"28\" transform=\"matrix(1 0 0 -1 0 56)\" fill=\"url(#paint0_linear_18_925)\"><\/rect><path d=\"M23 18L33 28L23 38\" stroke=\"#FCEFD8\" stroke-width=\"3\" stroke-linecap=\"round\" stroke-linejoin=\"round\"><\/path><defs><linearGradient id=\"paint0_linear_18_925\" x1=\"56\" y1=\"14\" x2=\"27.1924\" y2=\"62.344\" gradientUnits=\"userSpaceOnUse\"><stop stop-color=\"#B89453\"><\/stop><stop offset=\"1\" stop-color=\"#EDCE96\"><\/stop><\/linearGradient><\/defs><\/svg>\t\t\t<\/span>\n\t\t\t\t\t\t<span class=\"elementor-button-text\">SME TU PRE V\u00c1S<\/span>\n\t\t<\/span>\n\t\t\t\t\t<\/a>\n\t\t<\/div>\n\t\t\t\t<\/div>\n\t\t\t\t<\/div>\n\t\t\t\t\t<\/div>\n\t\t\t\t<\/div>\n\t\t<div class=\"elementor-element elementor-element-8c406d1 e-flex e-con-boxed e-con e-parent\" data-id=\"8c406d1\" data-element_type=\"container\" data-settings=\"{&quot;content_width&quot;:&quot;boxed&quot;}\" data-core-v316-plus=\"true\">\n\t\t\t\t\t<div class=\"e-con-inner\">\n\t\t\t\t<div class=\"elementor-element elementor-element-88f98c1 elementor-widget elementor-widget-heading\" data-id=\"88f98c1\" data-element_type=\"widget\" data-widget_type=\"heading.default\">\n\t\t\t\t<div class=\"elementor-widget-container\">\n\t\t\t<h2 class=\"elementor-heading-title elementor-size-default\">\u010co pon\u00fakame<\/h2>\t\t<\/div>\n\t\t\t\t<\/div>\n\t\t\t\t\t<\/div>\n\t\t\t\t<\/div>\n\t\t<div class=\"elementor-element elementor-element-45970ce e-flex e-con-boxed e-con e-parent\" data-id=\"45970ce\" data-element_type=\"container\" data-settings=\"{&quot;content_width&quot;:&quot;boxed&quot;}\" data-core-v316-plus=\"true\">\n\t\t\t\t\t<div class=\"e-con-inner\">\n\t\t\t\t<div class=\"elementor-element elementor-element-05e9d20 elementor-widget elementor-widget-shortcode\" data-id=\"05e9d20\" data-element_type=\"widget\" data-widget_type=\"shortcode.default\">\n\t\t\t\t<div class=\"elementor-widget-container\">\n\t\t\t\t\t<div class=\"elementor-shortcode\">\n\t\t<style>\n\t\t\t.imageButton-container {\n\t\t\t\tdisplay: flex;\n\t\t\t\tjustify-content: space-between;\n\t\t\t\talign-items: baseline;\n\t\t\t\twidth: 100%;\n\t\t\t}\n\n\t\t\t.obrazok {\n\t\t\t\tdisplay: flex;\n\t\t\t\tflex-direction: column;\n\t\t\t\tflex: 0 0 calc(25% - 20px);\n\t\t\t\tmargin: 10px;\n\t\t\t\ttext-align: center;\n\t\t\t}\n\t\t\t\n\t\t\t.obrazok img {\n\t\t\t\twidth: 100%;\n\t\t\t\theight: auto;\n\t\t\t\tborder-radius: 8px 8px 0 0;\n\t\t\t\tbox-sizing: border-box;\n\t\t\t\tflex: 1;\n\t\t\t}\n\t\t\t\n\t\t\t.obrazok p {\n\t\t\t\tbackground: #0C4137;\n\t\t\t\tcolor: white;\n\t\t\t\tborder-radius: 0 0 8px 8px;\n\t\t\t\tfont-family: \"Cambria\", Sans-serif;\n\t\t\t\tfont-size: 18px;\n\t\t\t\tfont-weight: normal;\n\t\t\t\ttext-transform: uppercase;\n\t\t\t\tline-height: 2;\n\t\t\t}\n\n\t\t\t@media only screen and (max-width: 767px) {\n\t\t\t\t.imageButton-container{\n\t\t\t\t\tflex-wrap: wrap;\n\t\t\t\t}\n\t\t\t\t.obrazok{\n\t\t\t\t\tflex:100%;\n\t\t\t\t}\n\t\t\t}\n\t\t\t\n\t\t\n\t\t\t\n\t\t<\/style>\n\t\t<div class=\"imageButton-container\"><a href='https:\/\/schramek-schramek.com\/sk\/ponuka\/vnutorne-boxy\/' class='obrazok'><img src='https:\/\/schramek-schramek.com\/wp-content\/uploads\/2023\/11\/Rectangle-69-2.png'\/><p>Vn\u00fatorn\u00e9 boxy<\/p><\/a><a href='https:\/\/schramek-schramek.com\/sk\/ponuka\/vonkajsie-boxy-a-stajne\/' class='obrazok'><img src='https:\/\/schramek-schramek.com\/wp-content\/uploads\/2023\/11\/Rectangle-70.png'\/><p>Vonkaj\u0161ie boxy a stajne<\/p><\/a><a href='https:\/\/schramek-schramek.com\/sk\/ponuka\/okna-dvere-a-brany\/' class='obrazok'><img src='https:\/\/schramek-schramek.com\/wp-content\/uploads\/2023\/11\/Rectangle-71.png'\/><p>Okn\u00e1, dvere a br\u00e1ny<\/p><\/a><a href='https:\/\/schramek-schramek.com\/sk\/ponuka\/doplnky\/' class='obrazok'><img src='https:\/\/schramek-schramek.com\/wp-content\/uploads\/2023\/11\/1cdb41cac5c8547f315ad9c06a7f4b62.jpeg'\/><p>Doplnky<\/p><\/a><\/div><\/div>\n\t\t\t\t<\/div>\n\t\t\t\t<\/div>\n\t\t\t\t\t<\/div>\n\t\t\t\t<\/div>\n\t\t\t\t\t\t\t<\/div>\n\t\t","protected":false},"excerpt":{"rendered":"<p>Profil firmy Po dlhoro\u010dn\u00fdch sk\u00fasenostiach zozbieran\u00fdch v \u0161t\u00e1toch Beneluxu a Nemecku, kde starostlivos\u0165 o kone a chovate\u013estvo kon\u00ed dosahuj\u00fa najvy\u0161\u0161iu \u00farove\u0148, sme sa rozhodli prinies\u0165 aj na slovensk\u00fd trh kvalitu, profesionalitu a inov\u00e1ciu. S my\u0161lienkou vyr\u00e1ba\u0165 kvalitn\u00e9 a jedine\u010dn\u00e9 boxy pre kone, sme v roku 2010 zalo\u017eili na Slovensku mal\u00fa rodinn\u00fa firmu. Postupne z mal\u00e9ho [&hellip;]<\/p>\n","protected":false},"author":1,"featured_media":0,"parent":0,"menu_order":0,"comment_status":"closed","ping_status":"closed","template":"","meta":{"footnotes":""},"acf":[],"_links":{"self":[{"href":"https:\/\/schramek-schramek.com\/sk\/wp-json\/wp\/v2\/pages\/217"}],"collection":[{"href":"https:\/\/schramek-schramek.com\/sk\/wp-json\/wp\/v2\/pages"}],"about":[{"href":"https:\/\/schramek-schramek.com\/sk\/wp-json\/wp\/v2\/types\/page"}],"author":[{"embeddable":true,"href":"https:\/\/schramek-schramek.com\/sk\/wp-json\/wp\/v2\/users\/1"}],"replies":[{"embeddable":true,"href":"https:\/\/schramek-schramek.com\/sk\/wp-json\/wp\/v2\/comments?post=217"}],"version-history":[{"count":0,"href":"https:\/\/schramek-schramek.com\/sk\/wp-json\/wp\/v2\/pages\/217\/revisions"}],"wp:attachment":[{"href":"https:\/\/schramek-schramek.com\/sk\/wp-json\/wp\/v2\/media?parent=217"}],"curies":[{"name":"wp","href":"https:\/\/api.w.org\/{rel}","templated":true}]}}